{"id":1741,"date":"2019-10-22T13:53:43","date_gmt":"2019-10-22T13:53:43","guid":{"rendered":"https:\/\/the7.io\/company\/?page_id=1741"},"modified":"2026-03-22T12:56:55","modified_gmt":"2026-03-22T12:56:55","slug":"trial","status":"publish","type":"page","link":"https:\/\/www.wincm.ch\/en\/scriptingframework\/trial\/","title":{"rendered":"Trial"},"content":{"rendered":"<div class=\"wpb-content-wrapper\"><div data-vc-full-width=\"true\" data-vc-full-width-temp=\"true\" data-vc-full-width-init=\"false\" class=\"vc_row wpb_row vc_row-fluid vc_custom_1680075941145 vc_row-has-fill vc_column-gap-35\"><div class=\"wpb_column vc_column_container vc_col-sm-6\"><div class=\"vc_column-inner\"><div class=\"wpb_wrapper\"><div class=\"vc_empty_space\"   style=\"height: 60px\"><span class=\"vc_empty_space_inner\"><\/span><\/div>\n\t<div class=\"wpb_text_column wpb_content_element \" >\n\t\t<div class=\"wpb_wrapper\">\n\t\t\t<p><strong>Nachdem Sie das Formular ausgef\u00fcllt haben, erhalten Sie die Lizenz umgehend per E-Mail. Die kostenlose Testlizenz gew\u00e4hrt Ihnen vollen Zugriff auf alle Funktionen, ist jedoch zeitlich begrenzt.<\/strong><\/p>\n<p><span style=\"color: #3366ff;\"><a href=\"\/scriptingframework\/downloads\/\">WinCM Scripting Framework Download<\/a><br \/>\n<\/span><\/p>\n\n\t\t<\/div>\n\t<\/div>\n<\/div><\/div><\/div><div class=\"wpb_column vc_column_container vc_col-sm-6\"><div class=\"vc_column-inner vc_custom_1680075842742\"><div class=\"wpb_wrapper\">\n<div class=\"wpcf7 no-js\" id=\"wpcf7-f4882-o1\" lang=\"de-DE\" dir=\"ltr\" data-wpcf7-id=\"4882\">\n<div class=\"screen-reader-response\"><p role=\"status\" aria-live=\"polite\" aria-atomic=\"true\"><\/p> <ul><\/ul><\/div>\n<form action=\"\/en\/wp-json\/wp\/v2\/pages\/1741#wpcf7-f4882-o1\" method=\"post\" class=\"wpcf7-form init\" aria-label=\"Kontaktformular\" novalidate=\"novalidate\" data-status=\"init\">\n<fieldset class=\"hidden-fields-container\"><input type=\"hidden\" name=\"_wpcf7\" value=\"4882\" \/><input type=\"hidden\" name=\"_wpcf7_version\" value=\"6.1.5\" \/><input type=\"hidden\" name=\"_wpcf7_locale\" value=\"de_DE\" \/><input type=\"hidden\" name=\"_wpcf7_unit_tag\" value=\"wpcf7-f4882-o1\" \/><input type=\"hidden\" name=\"_wpcf7_container_post\" value=\"0\" \/><input type=\"hidden\" name=\"_wpcf7_posted_data_hash\" value=\"\" \/><input type=\"hidden\" name=\"_wpcf7cf_hidden_group_fields\" value=\"[]\" \/><input type=\"hidden\" name=\"_wpcf7cf_hidden_groups\" value=\"[]\" \/><input type=\"hidden\" name=\"_wpcf7cf_visible_groups\" value=\"[]\" \/><input type=\"hidden\" name=\"_wpcf7cf_repeaters\" value=\"[]\" \/><input type=\"hidden\" name=\"_wpcf7cf_steps\" value=\"{}\" \/><input type=\"hidden\" name=\"_wpcf7cf_options\" value=\"{&quot;form_id&quot;:4882,&quot;conditions&quot;:[{&quot;then_field&quot;:&quot;systemdeployment&quot;,&quot;and_rules&quot;:[{&quot;if_field&quot;:&quot;menu-200&quot;,&quot;operator&quot;:&quot;equals&quot;,&quot;if_value&quot;:&quot;SF System Deployment mit Engine und Suite&quot;}]}],&quot;settings&quot;:{&quot;animation&quot;:&quot;yes&quot;,&quot;animation_intime&quot;:200,&quot;animation_outtime&quot;:200,&quot;conditions_ui&quot;:&quot;normal&quot;,&quot;notice_dismissed&quot;:false}}\" \/><input type=\"hidden\" name=\"_wpcf7_recaptcha_response\" value=\"\" \/>\n<\/fieldset>\n<p><label>Welche Produkte m\u00f6chten Sie testen? *<\/label><br \/>\n<span class=\"wpcf7-form-control-wrap\" data-name=\"menu-200\"><select class=\"wpcf7-form-control wpcf7-select\" aria-invalid=\"false\" name=\"menu-200\"><option value=\"SF Engine und Suite (for Microsoft Intune and all others)\">SF Engine und Suite (for Microsoft Intune and all others)<\/option><option value=\"SF System Deployment mit Engine und Suite\">SF System Deployment mit Engine und Suite<\/option><\/select><\/span>\n<\/p>\n<p><label>Firmenname *<\/label><br \/>\n<span class=\"wpcf7-form-control-wrap\" data-name=\"firmenname\"><input size=\"40\" maxlength=\"400\" class=\"wpcf7-form-control wpcf7-text wpcf7-validates-as-required\" aria-required=\"true\" aria-invalid=\"false\" value=\"\" type=\"text\" name=\"firmenname\" \/><\/span>\n<\/p>\n<p><label>Anzahl Ger\u00e4te (Clients\/Server) *<\/label><br \/>\n<span class=\"wpcf7-form-control-wrap\" data-name=\"anzahl-clients\"><input size=\"40\" maxlength=\"400\" class=\"wpcf7-form-control wpcf7-text wpcf7-validates-as-required\" aria-required=\"true\" aria-invalid=\"false\" value=\"\" type=\"text\" name=\"anzahl-clients\" \/><\/span>\n<\/p>\n<div data-id=\"systemdeployment\" data-orig_data_id=\"systemdeployment\"  class=\"\" data-class=\"wpcf7cf_group\">\n\t<p><label>Wie lautet der Servername, auf dem Sie das System Deployment testen m\u00f6chten (FQDN)? *<\/label><br \/>\n<span class=\"wpcf7-form-control-wrap\" data-name=\"server-fqdn\"><input size=\"40\" maxlength=\"400\" class=\"wpcf7-form-control wpcf7-text wpcf7-validates-as-required\" aria-required=\"true\" aria-invalid=\"false\" value=\"\" type=\"text\" name=\"server-fqdn\" \/><\/span>\n\t<\/p>\n<\/div>\n<p><label>E-Mail *<\/label><br \/>\n<span class=\"wpcf7-form-control-wrap\" data-name=\"text-email\"><input size=\"40\" maxlength=\"400\" class=\"wpcf7-form-control wpcf7-email wpcf7-validates-as-required wpcf7-text wpcf7-validates-as-email\" aria-required=\"true\" aria-invalid=\"false\" value=\"\" type=\"email\" name=\"text-email\" \/><\/span>\n<\/p>\n<p><input class=\"wpcf7-form-control wpcf7-submit has-spinner\" type=\"submit\" value=\"Lizenz anfordern\" \/>\n<\/p><div class=\"wpcf7-response-output\" aria-hidden=\"true\"><\/div>\n<\/form>\n<\/div>\n<\/div><\/div><\/div><\/div><div class=\"vc_row-full-width vc_clearfix\"><\/div><div data-vc-full-width=\"true\" data-vc-full-width-temp=\"true\" data-vc-full-width-init=\"false\" class=\"vc_row wpb_row vc_row-fluid vc_custom_1681412274405 vc_row-has-fill\"><div class=\"wpb_column vc_column_container vc_col-sm-12 vc_col-lg-offset-2 vc_col-lg-8 vc_col-md-offset-2 vc_col-md-8 vc_col-sm-offset-0 vc_col-xs-12\"><div class=\"vc_column-inner\"><div class=\"wpb_wrapper\"><div id=\"ultimate-heading-653069f070d4ed8b0\" class=\"uvc-heading ult-adjust-bottom-margin ultimate-heading-653069f070d4ed8b0 uvc-5129  uvc-heading-default-font-sizes\" data-hspacer=\"no_spacer\"  data-halign=\"center\" style=\"text-align:center\"><div class=\"uvc-heading-spacer no_spacer\" style=\"top\"><\/div><div class=\"uvc-main-heading ult-responsive\"  data-ultimate-target='.uvc-heading.ultimate-heading-653069f070d4ed8b0 h2'  data-responsive-json-new='{\"font-size\":\"\",\"line-height\":\"\"}' ><h2 style=\"font-weight:bold;color:#ffffff;margin-bottom:15px;\">Sie m\u00f6chten sich von der Leistungsf\u00e4higkeit unserer innovativen L\u00f6sungen \u00fcberzeugen?<\/h2><\/div><div class=\"uvc-sub-heading ult-responsive\"  data-ultimate-target='.uvc-heading.ultimate-heading-653069f070d4ed8b0 .uvc-sub-heading '  data-responsive-json-new='{\"font-size\":\"\",\"line-height\":\"\"}'  style=\"font-weight:normal;color:rgba(255,255,255,0.7);margin-bottom:30px;\">Z\u00f6gern Sie nicht, uns zu kontaktieren.<\/div><\/div><style type=\"text\/css\" data-type=\"the7_shortcodes-inline-css\">#default-btn-4be8052db11a499673acdf0c4bbafe43 {\n  border-radius: 100px;\n  font-size: 16px;\n  line-height: 18px;\n}\n.btn-shadow#default-btn-4be8052db11a499673acdf0c4bbafe43 {\n  box-shadow: 0 1px 6px rgba(0,0,0,0.12);\n  transition: box-shadow 0.2s ease-out, opacity 0.45s;\n}\n.btn-shadow#default-btn-4be8052db11a499673acdf0c4bbafe43:hover {\n  box-shadow: 0 5px 11px 0 rgba(0,0,0,0.18), 0 4px 15px 0 rgba(0,0,0,0.15);\n}\n.btn-3d#default-btn-4be8052db11a499673acdf0c4bbafe43:hover {\n  box-shadow: 0px 2px 0px 0px rgba(224,224,224,0.05);\n}\n.btn-flat#default-btn-4be8052db11a499673acdf0c4bbafe43 {\n  box-shadow: none;\n}\n.btn-flat#default-btn-4be8052db11a499673acdf0c4bbafe43:hover {\n  box-shadow: none;\n}\n#default-btn-4be8052db11a499673acdf0c4bbafe43.ico-right-side > i {\n  margin-right: 0px;\n  margin-left: 8px;\n}\n#default-btn-4be8052db11a499673acdf0c4bbafe43 > i {\n  margin-right: 8px;\n  font-size: 16px;\n}\n#default-btn-4be8052db11a499673acdf0c4bbafe43:not(:hover) {\n  border-width: 3px;\n  border-color: rgba(255,255,255,0.3) !important;\n  color: #ffffff;\n  background: none !important;\n  padding: 16px 10px 16px 10px;\n}\n#default-btn-4be8052db11a499673acdf0c4bbafe43:not(:hover) * {\n  color: #ffffff;\n}\n#default-btn-4be8052db11a499673acdf0c4bbafe43:hover {\n  border-width: 3px;\n  border-color: rgba(255,255,255,0.45) !important;\n  color: #ffffff;\n  background: rgba(255,255,255,0.05) !important;\n  padding: 16px 10px 16px 10px;\n}\n#default-btn-4be8052db11a499673acdf0c4bbafe43:hover * {\n  color: #ffffff;\n}\n#default-btn-4be8052db11a499673acdf0c4bbafe43.ico-right-side > i {\n  margin-right: 0px;\n  margin-left: 8px;\n}\n#default-btn-4be8052db11a499673acdf0c4bbafe43 > i {\n  margin-right: 8px;\n}<\/style><div class=\"btn-align-center\"><a href=\"\/company\/contact\/\" class=\"default-btn-shortcode dt-btn link-hover-off ico-right-side btn-flat \" id=\"default-btn-4be8052db11a499673acdf0c4bbafe43\" style=\"width:240px;\"><span>Kontakt<\/span><i class=\"icomoon-the7-font-the7-arrow-09\"><\/i><\/a><\/div><\/div><\/div><\/div><\/div><div class=\"vc_row-full-width vc_clearfix\"><\/div>\n<\/div>","protected":false},"excerpt":{"rendered":"<p>Nachdem Sie das Formular ausgef\u00fcllt haben, erhalten Sie die Lizenz umgehend per E-Mail. Die kostenlose Testlizenz gew\u00e4hrt Ihnen vollen Zugriff auf alle Funktionen, ist jedoch zeitlich begrenzt. WinCM Scripting Framework Download Welche Produkte m\u00f6chten Sie testen? * SF Engine und Suite (for Microsoft Intune and all others)SF System Deployment mit Engine und Suite Firmenname *&hellip;<\/p>","protected":false},"author":1,"featured_media":0,"parent":1483,"menu_order":10,"comment_status":"closed","ping_status":"closed","template":"","meta":{"footnotes":""},"class_list":["post-1741","page","type-page","status-publish","hentry","description-off"],"yoast_head":"<!-- This site is optimized with the Yoast SEO plugin v27.4 - https:\/\/yoast.com\/product\/yoast-seo-wordpress\/ -->\n<title>Trial - Windows Client Management AG - WinCM<\/title>\n<meta name=\"robots\" content=\"index, follow, max-snippet:-1, max-image-preview:large, max-video-preview:-1\" \/>\n<link rel=\"canonical\" href=\"https:\/\/www.wincm.ch\/en\/scriptingframework\/trial\/\" \/>\n<meta property=\"og:locale\" content=\"en_US\" \/>\n<meta property=\"og:type\" content=\"article\" \/>\n<meta property=\"og:title\" content=\"Trial - Windows Client Management AG - WinCM\" \/>\n<meta property=\"og:url\" content=\"https:\/\/www.wincm.ch\/en\/scriptingframework\/trial\/\" \/>\n<meta property=\"og:site_name\" content=\"Windows Client Management AG - WinCM\" \/>\n<meta property=\"article:modified_time\" content=\"2026-03-22T12:56:55+00:00\" \/>\n<meta name=\"twitter:card\" content=\"summary_large_image\" \/>\n<meta name=\"twitter:label1\" content=\"Est. reading time\" \/>\n\t<meta name=\"twitter:data1\" content=\"1 minute\" \/>\n<script type=\"application\/ld+json\" class=\"yoast-schema-graph\">{\"@context\":\"https:\\\/\\\/schema.org\",\"@graph\":[{\"@type\":\"WebPage\",\"@id\":\"https:\\\/\\\/www.wincm.ch\\\/scriptingframework\\\/trial\\\/\",\"url\":\"https:\\\/\\\/www.wincm.ch\\\/scriptingframework\\\/trial\\\/\",\"name\":\"Trial - Windows Client Management AG - WinCM\",\"isPartOf\":{\"@id\":\"https:\\\/\\\/www.wincm.ch\\\/en\\\/#website\"},\"datePublished\":\"2019-10-22T13:53:43+00:00\",\"dateModified\":\"2026-03-22T12:56:55+00:00\",\"breadcrumb\":{\"@id\":\"https:\\\/\\\/www.wincm.ch\\\/scriptingframework\\\/trial\\\/#breadcrumb\"},\"inLanguage\":\"en-US\",\"potentialAction\":[{\"@type\":\"ReadAction\",\"target\":[\"https:\\\/\\\/www.wincm.ch\\\/scriptingframework\\\/trial\\\/\"]}]},{\"@type\":\"BreadcrumbList\",\"@id\":\"https:\\\/\\\/www.wincm.ch\\\/scriptingframework\\\/trial\\\/#breadcrumb\",\"itemListElement\":[{\"@type\":\"ListItem\",\"position\":1,\"name\":\"Startseite\",\"item\":\"https:\\\/\\\/www.wincm.ch\\\/\"},{\"@type\":\"ListItem\",\"position\":2,\"name\":\"Scripting Framework\",\"item\":\"https:\\\/\\\/www.wincm.ch\\\/scriptingframework\\\/\"},{\"@type\":\"ListItem\",\"position\":3,\"name\":\"Trial\"}]},{\"@type\":\"WebSite\",\"@id\":\"https:\\\/\\\/www.wincm.ch\\\/en\\\/#website\",\"url\":\"https:\\\/\\\/www.wincm.ch\\\/en\\\/\",\"name\":\"Windows Client Management AG - WinCM\",\"description\":\"Software Deployment Solutions\",\"publisher\":{\"@id\":\"https:\\\/\\\/www.wincm.ch\\\/en\\\/#organization\"},\"potentialAction\":[{\"@type\":\"SearchAction\",\"target\":{\"@type\":\"EntryPoint\",\"urlTemplate\":\"https:\\\/\\\/www.wincm.ch\\\/en\\\/?s={search_term_string}\"},\"query-input\":{\"@type\":\"PropertyValueSpecification\",\"valueRequired\":true,\"valueName\":\"search_term_string\"}}],\"inLanguage\":\"en-US\"},{\"@type\":\"Organization\",\"@id\":\"https:\\\/\\\/www.wincm.ch\\\/en\\\/#organization\",\"name\":\"Windows Client Management AG\",\"url\":\"https:\\\/\\\/www.wincm.ch\\\/en\\\/\",\"logo\":{\"@type\":\"ImageObject\",\"inLanguage\":\"en-US\",\"@id\":\"https:\\\/\\\/www.wincm.ch\\\/en\\\/#\\\/schema\\\/logo\\\/image\\\/\",\"url\":\"https:\\\/\\\/www.wincm.ch\\\/wp-content\\\/uploads\\\/2022\\\/10\\\/wincm_logo_small.png\",\"contentUrl\":\"https:\\\/\\\/www.wincm.ch\\\/wp-content\\\/uploads\\\/2022\\\/10\\\/wincm_logo_small.png\",\"width\":211,\"height\":50,\"caption\":\"Windows Client Management AG\"},\"image\":{\"@id\":\"https:\\\/\\\/www.wincm.ch\\\/en\\\/#\\\/schema\\\/logo\\\/image\\\/\"}}]}<\/script>\n<!-- \/ Yoast SEO plugin. -->","yoast_head_json":{"title":"Trial - Windows Client Management AG - WinCM","robots":{"index":"index","follow":"follow","max-snippet":"max-snippet:-1","max-image-preview":"max-image-preview:large","max-video-preview":"max-video-preview:-1"},"canonical":"https:\/\/www.wincm.ch\/en\/scriptingframework\/trial\/","og_locale":"en_US","og_type":"article","og_title":"Trial - Windows Client Management AG - WinCM","og_url":"https:\/\/www.wincm.ch\/en\/scriptingframework\/trial\/","og_site_name":"Windows Client Management AG - WinCM","article_modified_time":"2026-03-22T12:56:55+00:00","twitter_card":"summary_large_image","twitter_misc":{"Est. reading time":"1 minute"},"schema":{"@context":"https:\/\/schema.org","@graph":[{"@type":"WebPage","@id":"https:\/\/www.wincm.ch\/scriptingframework\/trial\/","url":"https:\/\/www.wincm.ch\/scriptingframework\/trial\/","name":"Trial - Windows Client Management AG - WinCM","isPartOf":{"@id":"https:\/\/www.wincm.ch\/en\/#website"},"datePublished":"2019-10-22T13:53:43+00:00","dateModified":"2026-03-22T12:56:55+00:00","breadcrumb":{"@id":"https:\/\/www.wincm.ch\/scriptingframework\/trial\/#breadcrumb"},"inLanguage":"en-US","potentialAction":[{"@type":"ReadAction","target":["https:\/\/www.wincm.ch\/scriptingframework\/trial\/"]}]},{"@type":"BreadcrumbList","@id":"https:\/\/www.wincm.ch\/scriptingframework\/trial\/#breadcrumb","itemListElement":[{"@type":"ListItem","position":1,"name":"Startseite","item":"https:\/\/www.wincm.ch\/"},{"@type":"ListItem","position":2,"name":"Scripting Framework","item":"https:\/\/www.wincm.ch\/scriptingframework\/"},{"@type":"ListItem","position":3,"name":"Trial"}]},{"@type":"WebSite","@id":"https:\/\/www.wincm.ch\/en\/#website","url":"https:\/\/www.wincm.ch\/en\/","name":"Windows Client Management AG - WinCM","description":"Software Deployment Solutions","publisher":{"@id":"https:\/\/www.wincm.ch\/en\/#organization"},"potentialAction":[{"@type":"SearchAction","target":{"@type":"EntryPoint","urlTemplate":"https:\/\/www.wincm.ch\/en\/?s={search_term_string}"},"query-input":{"@type":"PropertyValueSpecification","valueRequired":true,"valueName":"search_term_string"}}],"inLanguage":"en-US"},{"@type":"Organization","@id":"https:\/\/www.wincm.ch\/en\/#organization","name":"Windows Client Management AG","url":"https:\/\/www.wincm.ch\/en\/","logo":{"@type":"ImageObject","inLanguage":"en-US","@id":"https:\/\/www.wincm.ch\/en\/#\/schema\/logo\/image\/","url":"https:\/\/www.wincm.ch\/wp-content\/uploads\/2022\/10\/wincm_logo_small.png","contentUrl":"https:\/\/www.wincm.ch\/wp-content\/uploads\/2022\/10\/wincm_logo_small.png","width":211,"height":50,"caption":"Windows Client Management AG"},"image":{"@id":"https:\/\/www.wincm.ch\/en\/#\/schema\/logo\/image\/"}}]}},"_links":{"self":[{"href":"https:\/\/www.wincm.ch\/en\/wp-json\/wp\/v2\/pages\/1741","targetHints":{"allow":["GET"]}}],"collection":[{"href":"https:\/\/www.wincm.ch\/en\/wp-json\/wp\/v2\/pages"}],"about":[{"href":"https:\/\/www.wincm.ch\/en\/wp-json\/wp\/v2\/types\/page"}],"author":[{"embeddable":true,"href":"https:\/\/www.wincm.ch\/en\/wp-json\/wp\/v2\/users\/1"}],"replies":[{"embeddable":true,"href":"https:\/\/www.wincm.ch\/en\/wp-json\/wp\/v2\/comments?post=1741"}],"version-history":[{"count":2,"href":"https:\/\/www.wincm.ch\/en\/wp-json\/wp\/v2\/pages\/1741\/revisions"}],"predecessor-version":[{"id":4883,"href":"https:\/\/www.wincm.ch\/en\/wp-json\/wp\/v2\/pages\/1741\/revisions\/4883"}],"up":[{"embeddable":true,"href":"https:\/\/www.wincm.ch\/en\/wp-json\/wp\/v2\/pages\/1483"}],"wp:attachment":[{"href":"https:\/\/www.wincm.ch\/en\/wp-json\/wp\/v2\/media?parent=1741"}],"curies":[{"name":"wp","href":"https:\/\/api.w.org\/{rel}","templated":true}]}}