{"id":3635,"date":"2019-12-09T13:55:40","date_gmt":"2019-12-09T13:55:40","guid":{"rendered":"https:\/\/the7.io\/company\/?page_id=3635"},"modified":"2026-03-22T09:39:51","modified_gmt":"2026-03-22T09:39:51","slug":"faq","status":"publish","type":"page","link":"https:\/\/www.wincm.ch\/en\/scriptingframework\/faq\/","title":{"rendered":"FAQ"},"content":{"rendered":"<div class=\"wpb-content-wrapper\"><div class=\"vc_row wpb_row vc_row-fluid vc_custom_1670062526278\"><div class=\"wpb_column vc_column_container vc_col-sm-10 vc_col-lg-offset-2 vc_col-lg-8 vc_col-md-offset-2 vc_col-md-8 vc_col-sm-offset-1 vc_col-xs-offset-1 vc_col-xs-10\"><div class=\"vc_column-inner\"><div class=\"wpb_wrapper\"><div class=\"vc_row wpb_row vc_inner vc_row-fluid\"><div class=\"wpb_column vc_column_container vc_col-sm-6 vc_col-lg-offset-0 vc_col-md-offset-0 vc_col-sm-offset-0 vc_col-xs-6 vc_col-has-fill\"><div class=\"vc_column-inner vc_custom_1681450542401\"><div class=\"wpb_wrapper\"><\/div><\/div><\/div><\/div><div id=\"ultimate-heading-233769f46c2bc32e9\" class=\"uvc-heading ult-adjust-bottom-margin ultimate-heading-233769f46c2bc32e9 uvc-3930\" data-hspacer=\"no_spacer\"  data-halign=\"center\" style=\"text-align:center\"><div class=\"uvc-heading-spacer no_spacer\" style=\"top\"><\/div><div class=\"uvc-main-heading ult-responsive\"  data-ultimate-target='.uvc-heading.ultimate-heading-233769f46c2bc32e9 h2'  data-responsive-json-new='{\"font-size\":\"desktop:50px;\",\"line-height\":\"desktop:60px;\"}' ><h2 style=\"font-weight:bold;color:#0753a7;margin-bottom:10px;\">F.A.Q - Scripting Framework<\/h2><\/div><div class=\"uvc-sub-heading ult-responsive\"  data-ultimate-target='.uvc-heading.ultimate-heading-233769f46c2bc32e9 .uvc-sub-heading '  data-responsive-json-new='{\"font-size\":\"\",\"line-height\":\"\"}'  style=\"font-weight:normal;\">You may already find an answer to your question here.<\/div><\/div><\/div><\/div><\/div><\/div><div class=\"vc_row wpb_row vc_row-fluid vc_custom_1443428211509\"><div class=\"wpb_column vc_column_container vc_col-sm-12\"><div class=\"vc_column-inner vc_custom_1443428280449\"><div class=\"wpb_wrapper\"><div class=\"vc_tta-container\" data-vc-action=\"collapse\"><div class=\"vc_general vc_tta vc_tta-accordion vc_tta-color-grey vc_tta-style-classic vc_tta-shape-square vc_tta-o-shape-group vc_tta-controls-align-default\"><div class=\"vc_tta-panels-container\"><div class=\"vc_tta-panels\"><div class=\"vc_tta-panel vc_active\" id=\"1441955471883-361ff9a1-58111442850720758\" data-vc-content=\".vc_tta-panel-body\"><div class=\"vc_tta-panel-heading\"><h4 class=\"vc_tta-panel-title vc_tta-controls-icon-position-left\"><a href=\"#1441955471883-361ff9a1-58111442850720758\" data-vc-accordion data-vc-container=\".vc_tta-container\"><span class=\"vc_tta-title-text\">WAS IST SCRIPTING FRAMEWORK IN WENIGEN WORTEN?<\/span><i class=\"vc_tta-controls-icon vc_tta-controls-icon-plus\"><\/i><\/a><\/h4><\/div><div class=\"vc_tta-panel-body\">\n\t<div class=\"wpb_text_column wpb_content_element\" >\n\t\t<div class=\"wpb_wrapper\">\n\t\t\t<p>Scripting Framework ist eine PowerShell-Bibliothek, mit einer grossen Anzahl von Funktionen, welche f\u00fcr die Softwareverteilung ben\u00f6tigt werden. Mit Scripting Framework erstellen Sie sehr schnell und einfach ein Softwarepaket, welches alle Ihre Anforderungen abdeckt.<\/p>\n\n\t\t<\/div>\n\t<\/div>\n<\/div><\/div><div class=\"vc_tta-panel\" id=\"1441955552575-430538e5-22d61442850720758\" data-vc-content=\".vc_tta-panel-body\"><div class=\"vc_tta-panel-heading\"><h4 class=\"vc_tta-panel-title vc_tta-controls-icon-position-left\"><a href=\"#1441955552575-430538e5-22d61442850720758\" data-vc-accordion data-vc-container=\".vc_tta-container\"><span class=\"vc_tta-title-text\">WAS BEN\u00d6TIGE ICH F\u00dcR SCRIPTING FRAMEWORK?<\/span><i class=\"vc_tta-controls-icon vc_tta-controls-icon-plus\"><\/i><\/a><\/h4><\/div><div class=\"vc_tta-panel-body\">\n\t<div class=\"wpb_text_column wpb_content_element\" >\n\t\t<div class=\"wpb_wrapper\">\n\t\t\t<p>Sie ben\u00f6tigen MS PowerShell 5.x. Falls Sie mit dynamischen Konfigurationen arbeiten (SF-LoadVariables), ist zus\u00e4tzlich ein File Share und ein AD Account mit normalen Benutzerrechten notwendig. Scripting Framework ist unabh\u00e4ngig von der verwendeten Softwareverteilungsl\u00f6sung einsetzbar.<\/p>\n\n\t\t<\/div>\n\t<\/div>\n<\/div><\/div><div class=\"vc_tta-panel\" id=\"1441955550783-f495012f-9f7c1442850720758\" data-vc-content=\".vc_tta-panel-body\"><div class=\"vc_tta-panel-heading\"><h4 class=\"vc_tta-panel-title vc_tta-controls-icon-position-left\"><a href=\"#1441955550783-f495012f-9f7c1442850720758\" data-vc-accordion data-vc-container=\".vc_tta-container\"><span class=\"vc_tta-title-text\">M\u00dcSSEN BEIM VERWENDEN VON SCRIPTING FRAMEWORK ALLE BEREITS VORHANDENEN PAKETE NEU ERSTELLT WERDEN?<\/span><i class=\"vc_tta-controls-icon vc_tta-controls-icon-plus\"><\/i><\/a><\/h4><\/div><div class=\"vc_tta-panel-body\">\n\t<div class=\"wpb_text_column wpb_content_element\" >\n\t\t<div class=\"wpb_wrapper\">\n\t\t\t<p>Nein, die bereits vorhandenen Pakete in Ihrem Unternehmen m\u00fcssen Sie nicht zwingend neu erstellen. Es ist problemlos m\u00f6glich Scripting Framework f\u00fcr einzelne, oder nur f\u00fcr zuk\u00fcnftige Pakete zu verwenden.<\/p>\n\n\t\t<\/div>\n\t<\/div>\n<\/div><\/div><div class=\"vc_tta-panel\" id=\"1442850745811-2c9ce27e-d269\" data-vc-content=\".vc_tta-panel-body\"><div class=\"vc_tta-panel-heading\"><h4 class=\"vc_tta-panel-title vc_tta-controls-icon-position-left\"><a href=\"#1442850745811-2c9ce27e-d269\" data-vc-accordion data-vc-container=\".vc_tta-container\"><span class=\"vc_tta-title-text\">BEN\u00d6TIGE ICH POWERSHELL KENNTNISSE?<\/span><i class=\"vc_tta-controls-icon vc_tta-controls-icon-plus\"><\/i><\/a><\/h4><\/div><div class=\"vc_tta-panel-body\">\n\t<div class=\"wpb_text_column wpb_content_element\" >\n\t\t<div class=\"wpb_wrapper\">\n\t\t\t<p>Durch die bereits fertigen und klar definierten Funktionen, sind keine PowerShell Kenntnisse f\u00fcr das erfolgreiche einsetzen erforderlich.<\/p>\n\n\t\t<\/div>\n\t<\/div>\n<\/div><\/div><div class=\"vc_tta-panel\" id=\"1442850745266-befd4f02-b367\" data-vc-content=\".vc_tta-panel-body\"><div class=\"vc_tta-panel-heading\"><h4 class=\"vc_tta-panel-title vc_tta-controls-icon-position-left\"><a href=\"#1442850745266-befd4f02-b367\" data-vc-accordion data-vc-container=\".vc_tta-container\"><span class=\"vc_tta-title-text\">KANN EIGENER POWERSHELL CODE VERWENDET WERDEN?<\/span><i class=\"vc_tta-controls-icon vc_tta-controls-icon-plus\"><\/i><\/a><\/h4><\/div><div class=\"vc_tta-panel-body\">\n\t<div class=\"wpb_text_column wpb_content_element\" >\n\t\t<div class=\"wpb_wrapper\">\n\t\t\t<p>Die Verwendung von Scripting Framework zusammen mit eigenem PowerShell Code stellt kein Problem dar und ist eine St\u00e4rke des Toolkits.<\/p>\n\n\t\t<\/div>\n\t<\/div>\n<\/div><\/div><div class=\"vc_tta-panel\" id=\"1442850743690-b46ff04e-c727\" data-vc-content=\".vc_tta-panel-body\"><div class=\"vc_tta-panel-heading\"><h4 class=\"vc_tta-panel-title vc_tta-controls-icon-position-left\"><a href=\"#1442850743690-b46ff04e-c727\" data-vc-accordion data-vc-container=\".vc_tta-container\"><span class=\"vc_tta-title-text\">WORIN LIEGEN DIE VORTEILE GEGEN\u00dcBER EINER MSI PAKETIERUNG?<\/span><i class=\"vc_tta-controls-icon vc_tta-controls-icon-plus\"><\/i><\/a><\/h4><\/div><div class=\"vc_tta-panel-body\">\n\t<div class=\"wpb_text_column wpb_content_element\" >\n\t\t<div class=\"wpb_wrapper\">\n\t\t\t<p>Ein komplettes Repackaging ist nur noch in Ausnahmef\u00e4llen notwendig, da in der Regel das Original Setup des Herstellers verwendet wird. Um dieses unbeaufsichtigt auszuf\u00fchren und danach die gew\u00fcnschten Einstellungen zu setzen, ist ein leistungsf\u00e4higer Wrapper notwendig. Scripting Framework und der dazugeh\u00f6rende Packager bietet Ihnen daf\u00fcr optimale Unterst\u00fctzung. Im Unterschied zu einem kompletten MSI Repackaging, k\u00f6nnen bei einem Versionswechsel das bestehende Paket kopiert und die Herstellerdateien ersetzt werden. \u00c4nderungen im Installationsscript sind \u00a0durch den meist gleichbleibenden Installationsablauf nur minimal.<\/p>\n\n\t\t<\/div>\n\t<\/div>\n<\/div><\/div><\/div><\/div><\/div><\/div><\/div><\/div><\/div><\/div><div class=\"vc_row wpb_row vc_row-fluid\"><div class=\"wpb_column vc_column_container vc_col-sm-12\"><div class=\"vc_column-inner\"><div class=\"wpb_wrapper\"><div class=\"vc_empty_space\"   style=\"height: 150px\"><span class=\"vc_empty_space_inner\"><\/span><\/div><\/div><\/div><\/div><\/div>\n<\/div>","protected":false},"excerpt":{"rendered":"<p>F.A.Q &#8211; Scripting FrameworkEventuell finden Sie hier bereits eine Antwort auf Ihre Frage.WAS IST SCRIPTING FRAMEWORK IN WENIGEN WORTEN? Scripting Framework ist eine PowerShell-Bibliothek, mit einer grossen Anzahl von Funktionen, welche f\u00fcr die Softwareverteilung ben\u00f6tigt werden. Mit Scripting Framework erstellen Sie sehr schnell und einfach ein Softwarepaket, welches alle Ihre Anforderungen abdeckt. WAS BEN\u00d6TIGE ICH&hellip;<\/p>","protected":false},"author":1,"featured_media":0,"parent":1483,"menu_order":40,"comment_status":"closed","ping_status":"closed","template":"","meta":{"footnotes":""},"class_list":["post-3635","page","type-page","status-publish","hentry","description-off"],"yoast_head":"<!-- This site is optimized with the Yoast SEO plugin v27.5 - https:\/\/yoast.com\/product\/yoast-seo-wordpress\/ -->\n<title>FAQ - Windows Client Management AG - WinCM<\/title>\n<meta name=\"robots\" content=\"index, follow, max-snippet:-1, max-image-preview:large, max-video-preview:-1\" \/>\n<link rel=\"canonical\" href=\"https:\/\/www.wincm.ch\/en\/scriptingframework\/faq\/\" \/>\n<meta property=\"og:locale\" content=\"en_US\" \/>\n<meta property=\"og:type\" content=\"article\" \/>\n<meta property=\"og:title\" content=\"FAQ - Windows Client Management AG - WinCM\" \/>\n<meta property=\"og:url\" content=\"https:\/\/www.wincm.ch\/en\/scriptingframework\/faq\/\" \/>\n<meta property=\"og:site_name\" content=\"Windows Client Management AG - WinCM\" \/>\n<meta property=\"article:modified_time\" content=\"2026-03-22T09:39:51+00:00\" \/>\n<meta name=\"twitter:card\" content=\"summary_large_image\" \/>\n<meta name=\"twitter:label1\" content=\"Est. reading time\" \/>\n\t<meta name=\"twitter:data1\" content=\"2 minutes\" \/>\n<script type=\"application\/ld+json\" class=\"yoast-schema-graph\">{\"@context\":\"https:\\\/\\\/schema.org\",\"@graph\":[{\"@type\":\"WebPage\",\"@id\":\"https:\\\/\\\/www.wincm.ch\\\/scriptingframework\\\/faq\\\/\",\"url\":\"https:\\\/\\\/www.wincm.ch\\\/scriptingframework\\\/faq\\\/\",\"name\":\"FAQ - Windows Client Management AG - WinCM\",\"isPartOf\":{\"@id\":\"https:\\\/\\\/www.wincm.ch\\\/en\\\/#website\"},\"datePublished\":\"2019-12-09T13:55:40+00:00\",\"dateModified\":\"2026-03-22T09:39:51+00:00\",\"breadcrumb\":{\"@id\":\"https:\\\/\\\/www.wincm.ch\\\/scriptingframework\\\/faq\\\/#breadcrumb\"},\"inLanguage\":\"en-US\",\"potentialAction\":[{\"@type\":\"ReadAction\",\"target\":[\"https:\\\/\\\/www.wincm.ch\\\/scriptingframework\\\/faq\\\/\"]}]},{\"@type\":\"BreadcrumbList\",\"@id\":\"https:\\\/\\\/www.wincm.ch\\\/scriptingframework\\\/faq\\\/#breadcrumb\",\"itemListElement\":[{\"@type\":\"ListItem\",\"position\":1,\"name\":\"Startseite\",\"item\":\"https:\\\/\\\/www.wincm.ch\\\/\"},{\"@type\":\"ListItem\",\"position\":2,\"name\":\"Scripting Framework\",\"item\":\"https:\\\/\\\/www.wincm.ch\\\/scriptingframework\\\/\"},{\"@type\":\"ListItem\",\"position\":3,\"name\":\"FAQ\"}]},{\"@type\":\"WebSite\",\"@id\":\"https:\\\/\\\/www.wincm.ch\\\/en\\\/#website\",\"url\":\"https:\\\/\\\/www.wincm.ch\\\/en\\\/\",\"name\":\"Windows Client Management AG - WinCM\",\"description\":\"Software Deployment Solutions\",\"publisher\":{\"@id\":\"https:\\\/\\\/www.wincm.ch\\\/en\\\/#organization\"},\"potentialAction\":[{\"@type\":\"SearchAction\",\"target\":{\"@type\":\"EntryPoint\",\"urlTemplate\":\"https:\\\/\\\/www.wincm.ch\\\/en\\\/?s={search_term_string}\"},\"query-input\":{\"@type\":\"PropertyValueSpecification\",\"valueRequired\":true,\"valueName\":\"search_term_string\"}}],\"inLanguage\":\"en-US\"},{\"@type\":\"Organization\",\"@id\":\"https:\\\/\\\/www.wincm.ch\\\/en\\\/#organization\",\"name\":\"Windows Client Management AG\",\"url\":\"https:\\\/\\\/www.wincm.ch\\\/en\\\/\",\"logo\":{\"@type\":\"ImageObject\",\"inLanguage\":\"en-US\",\"@id\":\"https:\\\/\\\/www.wincm.ch\\\/en\\\/#\\\/schema\\\/logo\\\/image\\\/\",\"url\":\"https:\\\/\\\/www.wincm.ch\\\/wp-content\\\/uploads\\\/2022\\\/10\\\/wincm_logo_small.png\",\"contentUrl\":\"https:\\\/\\\/www.wincm.ch\\\/wp-content\\\/uploads\\\/2022\\\/10\\\/wincm_logo_small.png\",\"width\":211,\"height\":50,\"caption\":\"Windows Client Management AG\"},\"image\":{\"@id\":\"https:\\\/\\\/www.wincm.ch\\\/en\\\/#\\\/schema\\\/logo\\\/image\\\/\"}}]}<\/script>\n<!-- \/ Yoast SEO plugin. -->","yoast_head_json":{"title":"FAQ - Windows Client Management AG - WinCM","robots":{"index":"index","follow":"follow","max-snippet":"max-snippet:-1","max-image-preview":"max-image-preview:large","max-video-preview":"max-video-preview:-1"},"canonical":"https:\/\/www.wincm.ch\/en\/scriptingframework\/faq\/","og_locale":"en_US","og_type":"article","og_title":"FAQ - Windows Client Management AG - WinCM","og_url":"https:\/\/www.wincm.ch\/en\/scriptingframework\/faq\/","og_site_name":"Windows Client Management AG - WinCM","article_modified_time":"2026-03-22T09:39:51+00:00","twitter_card":"summary_large_image","twitter_misc":{"Est. reading time":"2 minutes"},"schema":{"@context":"https:\/\/schema.org","@graph":[{"@type":"WebPage","@id":"https:\/\/www.wincm.ch\/scriptingframework\/faq\/","url":"https:\/\/www.wincm.ch\/scriptingframework\/faq\/","name":"FAQ - Windows Client Management AG - WinCM","isPartOf":{"@id":"https:\/\/www.wincm.ch\/en\/#website"},"datePublished":"2019-12-09T13:55:40+00:00","dateModified":"2026-03-22T09:39:51+00:00","breadcrumb":{"@id":"https:\/\/www.wincm.ch\/scriptingframework\/faq\/#breadcrumb"},"inLanguage":"en-US","potentialAction":[{"@type":"ReadAction","target":["https:\/\/www.wincm.ch\/scriptingframework\/faq\/"]}]},{"@type":"BreadcrumbList","@id":"https:\/\/www.wincm.ch\/scriptingframework\/faq\/#breadcrumb","itemListElement":[{"@type":"ListItem","position":1,"name":"Startseite","item":"https:\/\/www.wincm.ch\/"},{"@type":"ListItem","position":2,"name":"Scripting Framework","item":"https:\/\/www.wincm.ch\/scriptingframework\/"},{"@type":"ListItem","position":3,"name":"FAQ"}]},{"@type":"WebSite","@id":"https:\/\/www.wincm.ch\/en\/#website","url":"https:\/\/www.wincm.ch\/en\/","name":"Windows Client Management AG - WinCM","description":"Software Deployment Solutions","publisher":{"@id":"https:\/\/www.wincm.ch\/en\/#organization"},"potentialAction":[{"@type":"SearchAction","target":{"@type":"EntryPoint","urlTemplate":"https:\/\/www.wincm.ch\/en\/?s={search_term_string}"},"query-input":{"@type":"PropertyValueSpecification","valueRequired":true,"valueName":"search_term_string"}}],"inLanguage":"en-US"},{"@type":"Organization","@id":"https:\/\/www.wincm.ch\/en\/#organization","name":"Windows Client Management AG","url":"https:\/\/www.wincm.ch\/en\/","logo":{"@type":"ImageObject","inLanguage":"en-US","@id":"https:\/\/www.wincm.ch\/en\/#\/schema\/logo\/image\/","url":"https:\/\/www.wincm.ch\/wp-content\/uploads\/2022\/10\/wincm_logo_small.png","contentUrl":"https:\/\/www.wincm.ch\/wp-content\/uploads\/2022\/10\/wincm_logo_small.png","width":211,"height":50,"caption":"Windows Client Management AG"},"image":{"@id":"https:\/\/www.wincm.ch\/en\/#\/schema\/logo\/image\/"}}]}},"_links":{"self":[{"href":"https:\/\/www.wincm.ch\/en\/wp-json\/wp\/v2\/pages\/3635","targetHints":{"allow":["GET"]}}],"collection":[{"href":"https:\/\/www.wincm.ch\/en\/wp-json\/wp\/v2\/pages"}],"about":[{"href":"https:\/\/www.wincm.ch\/en\/wp-json\/wp\/v2\/types\/page"}],"author":[{"embeddable":true,"href":"https:\/\/www.wincm.ch\/en\/wp-json\/wp\/v2\/users\/1"}],"replies":[{"embeddable":true,"href":"https:\/\/www.wincm.ch\/en\/wp-json\/wp\/v2\/comments?post=3635"}],"version-history":[{"count":1,"href":"https:\/\/www.wincm.ch\/en\/wp-json\/wp\/v2\/pages\/3635\/revisions"}],"predecessor-version":[{"id":4877,"href":"https:\/\/www.wincm.ch\/en\/wp-json\/wp\/v2\/pages\/3635\/revisions\/4877"}],"up":[{"embeddable":true,"href":"https:\/\/www.wincm.ch\/en\/wp-json\/wp\/v2\/pages\/1483"}],"wp:attachment":[{"href":"https:\/\/www.wincm.ch\/en\/wp-json\/wp\/v2\/media?parent=3635"}],"curies":[{"name":"wp","href":"https:\/\/api.w.org\/{rel}","templated":true}]}}