{"id":3911,"date":"2022-11-03T12:34:52","date_gmt":"2022-11-03T12:34:52","guid":{"rendered":"https:\/\/new.wincm.ch\/?page_id=3911"},"modified":"2023-04-14T05:30:44","modified_gmt":"2023-04-14T05:30:44","slug":"publications","status":"publish","type":"page","link":"https:\/\/www.wincm.ch\/en\/scriptingframework\/publications\/","title":{"rendered":"Press &amp; Publications"},"content":{"rendered":"<div class=\"wpb-content-wrapper\"><div class=\"vc_row wpb_row vc_row-fluid vc_custom_1667479025090\"><div class=\"wpb_column vc_column_container vc_col-sm-2\"><div class=\"vc_column-inner\"><div class=\"wpb_wrapper\">\n\t<div class=\"wpb_text_column wpb_content_element\" >\n\t\t<div class=\"wpb_wrapper\">\n\t\t\t<p><a href=\"\/downloads\/MGB-SuccessStory.pdf\" target=\"_blank\" rel=\"noopener\"><img decoding=\"async\" class=\"alignnone wp-image-77092\" src=\"https:\/\/wincm.ch\/wp-content\/uploads\/2022\/12\/icon_pdf.png\" alt=\"\" width=\"128\" height=\"128\" \/><\/a><\/p>\n\n\t\t<\/div>\n\t<\/div>\n<\/div><\/div><\/div><div class=\"wpb_column vc_column_container vc_col-sm-10\"><div class=\"vc_column-inner\"><div class=\"wpb_wrapper\">\n\t<div class=\"wpb_text_column wpb_content_element\" >\n\t\t<div class=\"wpb_wrapper\">\n\t\t\t<h2><a href=\"\/downloads\/MGB-SuccessStory.pdf\" target=\"_blank\" rel=\"noopener noreferrer\">Success Story Migros<\/a><\/h2>\n<p>Migros is the largest retail company in Switzerland. The company is present in all cantons, with a focus on metropolitan areas and neighboring countries.<\/p>\n\n\t\t<\/div>\n\t<\/div>\n<\/div><\/div><\/div><\/div><div class=\"vc_row wpb_row vc_row-fluid\"><div class=\"wpb_column vc_column_container vc_col-sm-12\"><div class=\"vc_column-inner\"><div class=\"wpb_wrapper\"><div class=\"vc_separator wpb_content_element vc_separator_align_center vc_sep_width_100 vc_sep_pos_align_center vc_separator_no_text vc_sep_color_grey wpb_content_element  wpb_content_element\" ><span class=\"vc_sep_holder vc_sep_holder_l\"><span class=\"vc_sep_line\"><\/span><\/span><span class=\"vc_sep_holder vc_sep_holder_r\"><span class=\"vc_sep_line\"><\/span><\/span>\n<\/div><\/div><\/div><\/div><\/div><div class=\"vc_row wpb_row vc_row-fluid vc_custom_1667479041265\"><div class=\"wpb_column vc_column_container vc_col-sm-2\"><div class=\"vc_column-inner\"><div class=\"wpb_wrapper\">\n\t<div class=\"wpb_text_column wpb_content_element\" >\n\t\t<div class=\"wpb_wrapper\">\n\t\t\t<p><a href=\"\/downloads\/Ospelt-SuccessStory.pdf\" target=\"_blank\" rel=\"noopener\"><img decoding=\"async\" class=\"alignnone wp-image-77092\" src=\"https:\/\/wincm.ch\/wp-content\/uploads\/2022\/12\/icon_pdf.png\" alt=\"\" width=\"128\" height=\"128\" \/><\/a><\/p>\n\n\t\t<\/div>\n\t<\/div>\n<\/div><\/div><\/div><div class=\"wpb_column vc_column_container vc_col-sm-10\"><div class=\"vc_column-inner\"><div class=\"wpb_wrapper\">\n\t<div class=\"wpb_text_column wpb_content_element\" >\n\t\t<div class=\"wpb_wrapper\">\n\t\t\t<h2><a href=\"\/downloads\/Ospelt-SuccessStory.pdf\" target=\"_blank\" rel=\"noopener noreferrer\">Success Story\u00a0Ospelt<\/a><\/h2>\n<p>The Ospelt Group is an innovative company in the food and pet food sector. Operating internationally with over 1,700 employees, we produce meat specialties, fresh dishes, pasta, poultry, sandwiches, fish and seafood, pizza, as well as high-quality pet food for cats and dogs, including complete nutrition and snacks, at several locations.<\/p>\n\n\t\t<\/div>\n\t<\/div>\n<\/div><\/div><\/div><\/div><div class=\"vc_row wpb_row vc_row-fluid\"><div class=\"wpb_column vc_column_container vc_col-sm-12\"><div class=\"vc_column-inner\"><div class=\"wpb_wrapper\"><div class=\"vc_separator wpb_content_element vc_separator_align_center vc_sep_width_100 vc_sep_pos_align_center vc_separator_no_text vc_sep_color_grey wpb_content_element  wpb_content_element\" ><span class=\"vc_sep_holder vc_sep_holder_l\"><span class=\"vc_sep_line\"><\/span><\/span><span class=\"vc_sep_holder vc_sep_holder_r\"><span class=\"vc_sep_line\"><\/span><\/span>\n<\/div><\/div><\/div><\/div><\/div><div class=\"vc_row wpb_row vc_row-fluid vc_custom_1667479048503\"><div class=\"wpb_column vc_column_container vc_col-sm-2\"><div class=\"vc_column-inner\"><div class=\"wpb_wrapper\">\n\t<div class=\"wpb_text_column wpb_content_element\" >\n\t\t<div class=\"wpb_wrapper\">\n\t\t\t<p><a href=\"\/downloads\/ITAdministrator.pdf\" target=\"_blank\" rel=\"noopener\"><img decoding=\"async\" class=\"alignnone wp-image-77092\" src=\"https:\/\/wincm.ch\/wp-content\/uploads\/2022\/12\/icon_pdf.png\" alt=\"\" width=\"128\" height=\"128\" \/><\/a><\/p>\n\n\t\t<\/div>\n\t<\/div>\n<\/div><\/div><\/div><div class=\"wpb_column vc_column_container vc_col-sm-10\"><div class=\"vc_column-inner\"><div class=\"wpb_wrapper\">\n\t<div class=\"wpb_text_column wpb_content_element\" >\n\t\t<div class=\"wpb_wrapper\">\n\t\t\t<h2><a href=\"\/downloads\/ITAdministrator.pdf\" target=\"_blank\" rel=\"noopener noreferrer\">Skript-basierte Softwarepaketierer im IT Administrator<\/a><\/h2>\n<p>Monthly technical magazine for system and network administrators.<\/p>\n\n\t\t<\/div>\n\t<\/div>\n<\/div><\/div><\/div><\/div><div class=\"vc_row wpb_row vc_row-fluid\"><div class=\"wpb_column vc_column_container vc_col-sm-12\"><div class=\"vc_column-inner\"><div class=\"wpb_wrapper\"><div class=\"vc_separator wpb_content_element vc_separator_align_center vc_sep_width_100 vc_sep_pos_align_center vc_separator_no_text vc_sep_color_grey wpb_content_element  wpb_content_element\" ><span class=\"vc_sep_holder vc_sep_holder_l\"><span class=\"vc_sep_line\"><\/span><\/span><span class=\"vc_sep_holder vc_sep_holder_r\"><span class=\"vc_sep_line\"><\/span><\/span>\n<\/div><\/div><\/div><\/div><\/div><div class=\"vc_row wpb_row vc_row-fluid vc_custom_1667479074438\"><div class=\"wpb_column vc_column_container vc_col-sm-2\"><div class=\"vc_column-inner\"><div class=\"wpb_wrapper\">\n\t<div class=\"wpb_text_column wpb_content_element\" >\n\t\t<div class=\"wpb_wrapper\">\n\t\t\t<p><a href=\"\/downloads\/ScriptingFrameworkFlyer.pdf\"><img decoding=\"async\" class=\"alignnone wp-image-77092\" src=\"https:\/\/wincm.ch\/wp-content\/uploads\/2022\/12\/icon_pdf.png\" alt=\"\" width=\"128\" height=\"128\" \/><\/a><\/p>\n\n\t\t<\/div>\n\t<\/div>\n<\/div><\/div><\/div><div class=\"wpb_column vc_column_container vc_col-sm-10\"><div class=\"vc_column-inner\"><div class=\"wpb_wrapper\">\n\t<div class=\"wpb_text_column wpb_content_element\" >\n\t\t<div class=\"wpb_wrapper\">\n\t\t\t<h2><a href=\"\/downloads\/ScriptingFrameworkFlyer.pdf\" target=\"_blank\" rel=\"noopener noreferrer\">Scripting Framework Flyer<\/a><\/h2>\n<p>The powerful PowerShell toolkit for software packaging.<\/p>\n\n\t\t<\/div>\n\t<\/div>\n<\/div><\/div><\/div><\/div><div class=\"vc_row wpb_row vc_row-fluid\"><div class=\"wpb_column vc_column_container vc_col-sm-12\"><div class=\"vc_column-inner\"><div class=\"wpb_wrapper\"><div class=\"vc_separator wpb_content_element vc_separator_align_center vc_sep_width_100 vc_sep_pos_align_center vc_separator_no_text vc_sep_color_grey wpb_content_element  wpb_content_element\" ><span class=\"vc_sep_holder vc_sep_holder_l\"><span class=\"vc_sep_line\"><\/span><\/span><span class=\"vc_sep_holder vc_sep_holder_r\"><span class=\"vc_sep_line\"><\/span><\/span>\n<\/div><\/div><\/div><\/div><\/div><div class=\"vc_row wpb_row vc_row-fluid vc_custom_1667479083248\"><div class=\"wpb_column vc_column_container vc_col-sm-2\"><div class=\"vc_column-inner\"><div class=\"wpb_wrapper\">\n\t<div class=\"wpb_text_column wpb_content_element\" >\n\t\t<div class=\"wpb_wrapper\">\n\t\t\t<p><a href=\"http:\/\/ericberg.de\/wincm-scripting-framework-produktreview\/\" target=\"_blank\" rel=\"noopener\"><img decoding=\"async\" class=\"alignnone wp-image-77094\" src=\"https:\/\/wincm.ch\/wp-content\/uploads\/2022\/12\/icon_webpage.png\" alt=\"\" width=\"128\" height=\"128\" \/><\/a><\/p>\n\n\t\t<\/div>\n\t<\/div>\n<\/div><\/div><\/div><div class=\"wpb_column vc_column_container vc_col-sm-10\"><div class=\"vc_column-inner\"><div class=\"wpb_wrapper\">\n\t<div class=\"wpb_text_column wpb_content_element\" >\n\t\t<div class=\"wpb_wrapper\">\n\t\t\t<h2><a href=\"http:\/\/ericberg.de\/wincm-scripting-framework-produktreview\/\" target=\"_blank\" rel=\"noopener noreferrer\">Blog von Eric Berg, eine Produktreview<\/a><\/h2>\n<p>Eric Berg ist Senior IT-Consultant f\u00fcr Microsoft Solutions und haupts\u00e4chlich im Bereich Virtualisierung, Client-Lifecycle Management, Private und Public Cloud aktiv. Seit 2015 ist Eric Berg System Center Cloud und Datacenter MVP. Seit 2014 Microsoft Partner Technical Solutions Professional (P-TSP) und agiert im Auftrag von Microsoft mit Kunden rund um die oben beschriebenen Themen.<\/p>\n\n\t\t<\/div>\n\t<\/div>\n<\/div><\/div><\/div><\/div>\n<\/div>","protected":false},"excerpt":{"rendered":"<p>Success Story Migros Migros ist das gr\u00f6sste Detailhandelsunternehmen in der Schweiz. Das Unternehmen ist in allen Kantonen mit Schwerpunkt in den Ballungsgebieten und im grenznahen Ausland vertreten. Success Story\u00a0Ospelt Die Ospelt Gruppe ist ein innovatives Unternehmen im Lebensmittelund Tiernahrungsbereich. International aufgestellt, mit \u00fcber 1700 Mitarbeitern. An mehreren Standorten produzieren wir Fleischspezialit\u00e4ten, Frischgerichte, Teigwaren, Gefl\u00fcgel, Sandwiches,&hellip;<\/p>","protected":false},"author":1,"featured_media":2159,"parent":1483,"menu_order":10,"comment_status":"closed","ping_status":"closed","template":"","meta":{"footnotes":""},"class_list":["post-3911","page","type-page","status-publish","has-post-thumbnail","hentry","description-off"],"yoast_head":"<!-- This site is optimized with the Yoast SEO plugin v27.5 - https:\/\/yoast.com\/product\/yoast-seo-wordpress\/ -->\n<title>Presse &amp; Publikationen - Windows Client Management AG - WinCM<\/title>\n<meta name=\"robots\" content=\"index, follow, max-snippet:-1, max-image-preview:large, max-video-preview:-1\" \/>\n<link rel=\"canonical\" href=\"https:\/\/www.wincm.ch\/en\/scriptingframework\/publications\/\" \/>\n<meta property=\"og:locale\" content=\"en_US\" \/>\n<meta property=\"og:type\" content=\"article\" \/>\n<meta property=\"og:title\" content=\"Presse &amp; Publikationen - Windows Client Management AG - WinCM\" \/>\n<meta property=\"og:url\" content=\"https:\/\/www.wincm.ch\/en\/scriptingframework\/publications\/\" \/>\n<meta property=\"og:site_name\" content=\"Windows Client Management AG - WinCM\" \/>\n<meta property=\"article:modified_time\" content=\"2023-04-14T05:30:44+00:00\" \/>\n<meta property=\"og:image\" content=\"https:\/\/www.wincm.ch\/wp-content\/uploads\/2019\/11\/two-women-standing-beside-brown-board-on-wall-3184296.jpg\" \/>\n\t<meta property=\"og:image:width\" content=\"1200\" \/>\n\t<meta property=\"og:image:height\" content=\"600\" \/>\n\t<meta property=\"og:image:type\" content=\"image\/jpeg\" \/>\n<meta name=\"twitter:card\" content=\"summary_large_image\" \/>\n<meta name=\"twitter:label1\" content=\"Est. reading time\" \/>\n\t<meta name=\"twitter:data1\" content=\"3 minutes\" \/>\n<script type=\"application\/ld+json\" class=\"yoast-schema-graph\">{\"@context\":\"https:\\\/\\\/schema.org\",\"@graph\":[{\"@type\":\"WebPage\",\"@id\":\"https:\\\/\\\/www.wincm.ch\\\/scriptingframework\\\/publications\\\/\",\"url\":\"https:\\\/\\\/www.wincm.ch\\\/scriptingframework\\\/publications\\\/\",\"name\":\"Presse & Publikationen - Windows Client Management AG - WinCM\",\"isPartOf\":{\"@id\":\"https:\\\/\\\/www.wincm.ch\\\/en\\\/#website\"},\"primaryImageOfPage\":{\"@id\":\"https:\\\/\\\/www.wincm.ch\\\/scriptingframework\\\/publications\\\/#primaryimage\"},\"image\":{\"@id\":\"https:\\\/\\\/www.wincm.ch\\\/scriptingframework\\\/publications\\\/#primaryimage\"},\"thumbnailUrl\":\"https:\\\/\\\/www.wincm.ch\\\/wp-content\\\/uploads\\\/2019\\\/11\\\/two-women-standing-beside-brown-board-on-wall-3184296.jpg\",\"datePublished\":\"2022-11-03T12:34:52+00:00\",\"dateModified\":\"2023-04-14T05:30:44+00:00\",\"breadcrumb\":{\"@id\":\"https:\\\/\\\/www.wincm.ch\\\/scriptingframework\\\/publications\\\/#breadcrumb\"},\"inLanguage\":\"en-US\",\"potentialAction\":[{\"@type\":\"ReadAction\",\"target\":[\"https:\\\/\\\/www.wincm.ch\\\/scriptingframework\\\/publications\\\/\"]}]},{\"@type\":\"ImageObject\",\"inLanguage\":\"en-US\",\"@id\":\"https:\\\/\\\/www.wincm.ch\\\/scriptingframework\\\/publications\\\/#primaryimage\",\"url\":\"https:\\\/\\\/www.wincm.ch\\\/wp-content\\\/uploads\\\/2019\\\/11\\\/two-women-standing-beside-brown-board-on-wall-3184296.jpg\",\"contentUrl\":\"https:\\\/\\\/www.wincm.ch\\\/wp-content\\\/uploads\\\/2019\\\/11\\\/two-women-standing-beside-brown-board-on-wall-3184296.jpg\",\"width\":1200,\"height\":600},{\"@type\":\"BreadcrumbList\",\"@id\":\"https:\\\/\\\/www.wincm.ch\\\/scriptingframework\\\/publications\\\/#breadcrumb\",\"itemListElement\":[{\"@type\":\"ListItem\",\"position\":1,\"name\":\"Startseite\",\"item\":\"https:\\\/\\\/www.wincm.ch\\\/\"},{\"@type\":\"ListItem\",\"position\":2,\"name\":\"Scripting Framework\",\"item\":\"https:\\\/\\\/www.wincm.ch\\\/scriptingframework\\\/\"},{\"@type\":\"ListItem\",\"position\":3,\"name\":\"Presse &#038; Publikationen\"}]},{\"@type\":\"WebSite\",\"@id\":\"https:\\\/\\\/www.wincm.ch\\\/en\\\/#website\",\"url\":\"https:\\\/\\\/www.wincm.ch\\\/en\\\/\",\"name\":\"Windows Client Management AG - WinCM\",\"description\":\"Software Deployment Solutions\",\"publisher\":{\"@id\":\"https:\\\/\\\/www.wincm.ch\\\/en\\\/#organization\"},\"potentialAction\":[{\"@type\":\"SearchAction\",\"target\":{\"@type\":\"EntryPoint\",\"urlTemplate\":\"https:\\\/\\\/www.wincm.ch\\\/en\\\/?s={search_term_string}\"},\"query-input\":{\"@type\":\"PropertyValueSpecification\",\"valueRequired\":true,\"valueName\":\"search_term_string\"}}],\"inLanguage\":\"en-US\"},{\"@type\":\"Organization\",\"@id\":\"https:\\\/\\\/www.wincm.ch\\\/en\\\/#organization\",\"name\":\"Windows Client Management AG\",\"url\":\"https:\\\/\\\/www.wincm.ch\\\/en\\\/\",\"logo\":{\"@type\":\"ImageObject\",\"inLanguage\":\"en-US\",\"@id\":\"https:\\\/\\\/www.wincm.ch\\\/en\\\/#\\\/schema\\\/logo\\\/image\\\/\",\"url\":\"https:\\\/\\\/www.wincm.ch\\\/wp-content\\\/uploads\\\/2022\\\/10\\\/wincm_logo_small.png\",\"contentUrl\":\"https:\\\/\\\/www.wincm.ch\\\/wp-content\\\/uploads\\\/2022\\\/10\\\/wincm_logo_small.png\",\"width\":211,\"height\":50,\"caption\":\"Windows Client Management AG\"},\"image\":{\"@id\":\"https:\\\/\\\/www.wincm.ch\\\/en\\\/#\\\/schema\\\/logo\\\/image\\\/\"}}]}<\/script>\n<!-- \/ Yoast SEO plugin. -->","yoast_head_json":{"title":"Presse & Publikationen - Windows Client Management AG - WinCM","robots":{"index":"index","follow":"follow","max-snippet":"max-snippet:-1","max-image-preview":"max-image-preview:large","max-video-preview":"max-video-preview:-1"},"canonical":"https:\/\/www.wincm.ch\/en\/scriptingframework\/publications\/","og_locale":"en_US","og_type":"article","og_title":"Presse & Publikationen - Windows Client Management AG - WinCM","og_url":"https:\/\/www.wincm.ch\/en\/scriptingframework\/publications\/","og_site_name":"Windows Client Management AG - WinCM","article_modified_time":"2023-04-14T05:30:44+00:00","og_image":[{"width":1200,"height":600,"url":"https:\/\/www.wincm.ch\/wp-content\/uploads\/2019\/11\/two-women-standing-beside-brown-board-on-wall-3184296.jpg","type":"image\/jpeg"}],"twitter_card":"summary_large_image","twitter_misc":{"Est. reading time":"3 minutes"},"schema":{"@context":"https:\/\/schema.org","@graph":[{"@type":"WebPage","@id":"https:\/\/www.wincm.ch\/scriptingframework\/publications\/","url":"https:\/\/www.wincm.ch\/scriptingframework\/publications\/","name":"Presse & Publikationen - Windows Client Management AG - WinCM","isPartOf":{"@id":"https:\/\/www.wincm.ch\/en\/#website"},"primaryImageOfPage":{"@id":"https:\/\/www.wincm.ch\/scriptingframework\/publications\/#primaryimage"},"image":{"@id":"https:\/\/www.wincm.ch\/scriptingframework\/publications\/#primaryimage"},"thumbnailUrl":"https:\/\/www.wincm.ch\/wp-content\/uploads\/2019\/11\/two-women-standing-beside-brown-board-on-wall-3184296.jpg","datePublished":"2022-11-03T12:34:52+00:00","dateModified":"2023-04-14T05:30:44+00:00","breadcrumb":{"@id":"https:\/\/www.wincm.ch\/scriptingframework\/publications\/#breadcrumb"},"inLanguage":"en-US","potentialAction":[{"@type":"ReadAction","target":["https:\/\/www.wincm.ch\/scriptingframework\/publications\/"]}]},{"@type":"ImageObject","inLanguage":"en-US","@id":"https:\/\/www.wincm.ch\/scriptingframework\/publications\/#primaryimage","url":"https:\/\/www.wincm.ch\/wp-content\/uploads\/2019\/11\/two-women-standing-beside-brown-board-on-wall-3184296.jpg","contentUrl":"https:\/\/www.wincm.ch\/wp-content\/uploads\/2019\/11\/two-women-standing-beside-brown-board-on-wall-3184296.jpg","width":1200,"height":600},{"@type":"BreadcrumbList","@id":"https:\/\/www.wincm.ch\/scriptingframework\/publications\/#breadcrumb","itemListElement":[{"@type":"ListItem","position":1,"name":"Startseite","item":"https:\/\/www.wincm.ch\/"},{"@type":"ListItem","position":2,"name":"Scripting Framework","item":"https:\/\/www.wincm.ch\/scriptingframework\/"},{"@type":"ListItem","position":3,"name":"Presse &#038; Publikationen"}]},{"@type":"WebSite","@id":"https:\/\/www.wincm.ch\/en\/#website","url":"https:\/\/www.wincm.ch\/en\/","name":"Windows Client Management AG - WinCM","description":"Software Deployment Solutions","publisher":{"@id":"https:\/\/www.wincm.ch\/en\/#organization"},"potentialAction":[{"@type":"SearchAction","target":{"@type":"EntryPoint","urlTemplate":"https:\/\/www.wincm.ch\/en\/?s={search_term_string}"},"query-input":{"@type":"PropertyValueSpecification","valueRequired":true,"valueName":"search_term_string"}}],"inLanguage":"en-US"},{"@type":"Organization","@id":"https:\/\/www.wincm.ch\/en\/#organization","name":"Windows Client Management AG","url":"https:\/\/www.wincm.ch\/en\/","logo":{"@type":"ImageObject","inLanguage":"en-US","@id":"https:\/\/www.wincm.ch\/en\/#\/schema\/logo\/image\/","url":"https:\/\/www.wincm.ch\/wp-content\/uploads\/2022\/10\/wincm_logo_small.png","contentUrl":"https:\/\/www.wincm.ch\/wp-content\/uploads\/2022\/10\/wincm_logo_small.png","width":211,"height":50,"caption":"Windows Client Management AG"},"image":{"@id":"https:\/\/www.wincm.ch\/en\/#\/schema\/logo\/image\/"}}]}},"_links":{"self":[{"href":"https:\/\/www.wincm.ch\/en\/wp-json\/wp\/v2\/pages\/3911","targetHints":{"allow":["GET"]}}],"collection":[{"href":"https:\/\/www.wincm.ch\/en\/wp-json\/wp\/v2\/pages"}],"about":[{"href":"https:\/\/www.wincm.ch\/en\/wp-json\/wp\/v2\/types\/page"}],"author":[{"embeddable":true,"href":"https:\/\/www.wincm.ch\/en\/wp-json\/wp\/v2\/users\/1"}],"replies":[{"embeddable":true,"href":"https:\/\/www.wincm.ch\/en\/wp-json\/wp\/v2\/comments?post=3911"}],"version-history":[{"count":0,"href":"https:\/\/www.wincm.ch\/en\/wp-json\/wp\/v2\/pages\/3911\/revisions"}],"up":[{"embeddable":true,"href":"https:\/\/www.wincm.ch\/en\/wp-json\/wp\/v2\/pages\/1483"}],"wp:featuredmedia":[{"embeddable":true,"href":"https:\/\/www.wincm.ch\/en\/wp-json\/wp\/v2\/media\/2159"}],"wp:attachment":[{"href":"https:\/\/www.wincm.ch\/en\/wp-json\/wp\/v2\/media?parent=3911"}],"curies":[{"name":"wp","href":"https:\/\/api.w.org\/{rel}","templated":true}]}}