{"id":3917,"date":"2022-11-03T12:46:01","date_gmt":"2022-11-03T12:46:01","guid":{"rendered":"https:\/\/new.wincm.ch\/?page_id=3917"},"modified":"2026-03-22T09:29:35","modified_gmt":"2026-03-22T09:29:35","slug":"downloads","status":"publish","type":"page","link":"https:\/\/www.wincm.ch\/en\/scriptingframework\/downloads\/","title":{"rendered":"Download-Center"},"content":{"rendered":"<div class=\"wpb-content-wrapper\"><div data-vc-full-width=\"true\" data-vc-full-width-temp=\"true\" data-vc-full-width-init=\"false\" class=\"vc_row wpb_row vc_row-fluid vc_custom_1575403409335 vc_row-has-fill vc_row-o-equal-height vc_row-flex\"><div class=\"wpb_column vc_column_container vc_col-sm-12\"><div class=\"vc_column-inner\"><div class=\"wpb_wrapper\"><div class=\"vc_row wpb_row vc_inner vc_row-fluid\"><div class=\"wpb_column vc_column_container vc_col-sm-6\"><div class=\"vc_column-inner vc_custom_1575403372934\"><div class=\"wpb_wrapper\"><div id=\"ultimate-heading-859269f47e528d4a1\" class=\"uvc-heading ult-adjust-bottom-margin ultimate-heading-859269f47e528d4a1 uvc-414  uvc-heading-default-font-sizes\" data-hspacer=\"no_spacer\"  data-halign=\"left\" style=\"text-align:left\"><div class=\"uvc-heading-spacer no_spacer\" style=\"top\"><\/div><div class=\"uvc-main-heading ult-responsive\"  data-ultimate-target='.uvc-heading.ultimate-heading-859269f47e528d4a1 h3'  data-responsive-json-new='{\"font-size\":\"\",\"line-height\":\"\"}' ><h3 style=\"font-weight:bold;color:#0753a7;margin-bottom:20px;\">Scripting Framework Downloads<\/h3><\/div><div class=\"uvc-sub-heading ult-responsive\"  data-ultimate-target='.uvc-heading.ultimate-heading-859269f47e528d4a1 .uvc-sub-heading '  data-responsive-json-new='{\"font-size\":\"desktop:34px;\",\"line-height\":\"desktop:44px;\"}'  style=\"font-weight:bold;color:#222222;\">Download the latest versions and updates.<\/div><\/div><\/div><\/div><\/div><div class=\"wpb_column vc_column_container vc_col-sm-6\"><div class=\"vc_column-inner vc_custom_1575403379152\"><div class=\"wpb_wrapper\">\n\t<div class=\"wpb_text_column wpb_content_element\" >\n\t\t<div class=\"wpb_wrapper\">\n\t\t\t<p>With each new version, Scripting Framework is expanded and improvements are added. Detailed information on installation and the product can be found in the Scripting Framework user manual.<\/p>\n\n\t\t<\/div>\n\t<\/div>\n<\/div><\/div><\/div><\/div><\/div><\/div><\/div><\/div><div class=\"vc_row-full-width vc_clearfix\"><\/div><div class=\"vc_row wpb_row vc_row-fluid vc_custom_1668060077897\"><div class=\"wpb_column vc_column_container vc_col-sm-10 vc_col-lg-offset-2 vc_col-lg-8 vc_col-md-offset-2 vc_col-md-8 vc_col-sm-offset-1 vc_col-xs-offset-1 vc_col-xs-10\"><div class=\"vc_column-inner\"><div class=\"wpb_wrapper\"><div class=\"vc_row wpb_row vc_inner vc_row-fluid\"><div class=\"wpb_column vc_column_container vc_col-sm-6 vc_col-lg-offset-0 vc_col-md-offset-0 vc_col-sm-offset-0 vc_col-xs-6 vc_col-has-fill\"><div class=\"vc_column-inner vc_custom_1681448647246\"><div class=\"wpb_wrapper\"><\/div><\/div><\/div><\/div><div id=\"ultimate-heading-257069f47e528e3af\" class=\"uvc-heading ult-adjust-bottom-margin ultimate-heading-257069f47e528e3af uvc-5811\" data-hspacer=\"no_spacer\"  data-halign=\"center\" style=\"text-align:center\"><div class=\"uvc-heading-spacer no_spacer\" style=\"top\"><\/div><div class=\"uvc-main-heading ult-responsive\"  data-ultimate-target='.uvc-heading.ultimate-heading-257069f47e528e3af h2'  data-responsive-json-new='{\"font-size\":\"desktop:50px;\",\"line-height\":\"desktop:60px;\"}' ><h2 style=\"font-weight:bold;color:#0753a7;margin-bottom:10px;\">Downloads Overview<\/h2><\/div><\/div>\n\t<div class=\"wpb_text_column wpb_content_element\" >\n\t\t<div class=\"wpb_wrapper\">\n\t\t\t<p>First, install the Scripting Framework Engine according to the user manual, including the license. Afterwards, the \"Software Package Examples\" can be installed.<\/p>\n\n\t\t<\/div>\n\t<\/div>\n\n\t<div class=\"wpb_text_column wpb_content_element  vc_custom_1715236329577\" >\n\t\t<div class=\"wpb_wrapper\">\n\t\t\t<div id='wpcp-60c04c3be4a8f4d074d73b105f5dd595' class='wpcp-container'><div id='ShareoneDrive' class='files  wpcp-has-scroll-to-top' data-module-id='wpcp-60c04c3be4a8f4d074d73b105f5dd595' style='display:none'><noscript><div class='ShareoneDrive-nojsmessage'>To view this content, you need to have JavaScript enabled in your browser.<br\/><a href='http:\/\/www.enable-javascript.com\/' target='_blank'>To do so, please follow these instructions<\/a>.<\/div><\/noscript><div class='wpcp-module ShareoneDrive files jsdisabled wpcp-list-view'  id='ShareoneDrive-60c04c3be4a8f4d074d73b105f5dd595' data-token='60c04c3be4a8f4d074d73b105f5dd595' data-account-id='434160dfae302869' data-drive-id='434160dfae302869' data-id='' data-org-id='' data-path='bnVsbA==' data-org-path='bnVsbA==' data-source='afeeceff6566cd85e18b02b14ff5fa7c' data-sort='name:asc' data-list='files' data-query='' data-lightboxnav='1' data-lightboxthumbs='1' data-layout='list' data-action='0'  ><div class=\"wpcp-browser-container wpcp-browser-tree--init wpcp-no-tree wpcp-browser--init\" style=\"width:100%;max-width:100%;\">\r\n    <div class=\"wpcp-browser-container-tree\" data-show-tree='0'>\r\n        <div class=\"wpcp-container-overlay\"><\/div>\r\n        <div class=\"nav-header\">\r\n            <a class=\"nav-tree-toggle entry-info-button\" tabindex=\"0\" title=\"Display folder tree\">\r\n                <i class=\"eva eva-arrowhead-left-outline\"><\/i>\r\n            <\/a>\r\n        <\/div>\r\n        <div class=\"wpcp-browser-tree\"><\/div>\r\n    <\/div>\r\n    <div class=\"wpcp-browser-container-content\">\r\n                <div class=\"nav-header nav-header-has-breadcrumb\">            <a class=\"nav-tree-toggle entry-info-button\" tabindex=\"0\" title=\"Display folder tree\">\r\n                <i class=\"eva eva-arrowhead-left-outline\"><\/i>\r\n            <\/a>\r\n            <a class=\"nav-home entry-info-button\" title=\"Go back to the start folder\" tabindex=\"0\">\r\n                <i class=\"eva eva-home-outline\"><\/i>\r\n            <\/a>\r\n            <div class=\"nav-title\">Loading...<\/div>\r\n                        <a class=\"nav-search entry-info-button\" tabindex=\"0\">\r\n                <i class=\"eva eva-search\"><\/i>\r\n            <\/a>\r\n\r\n            <div class=\"tippy-content-holder search-wrapper\">\r\n                <a class=\"search-icon search-submit\" href=\"javascript:;\"><i class=\"eva eva-search\"><\/i><\/a>\r\n                <input class=\"search-input\" name=\"q\" type=\"search\" autocomplete=\"off\" size=\"40\" aria-label=\"Search\" placeholder=\"Search for files and content\" \/>\r\n                <a class=\"search-remove\" href=\"javascript:;\" title=\"Clear\"><i class=\"eva eva-close\"><\/i><\/a>\r\n            <\/div>\r\n            \r\n\r\n            <a class=\"nav-sort entry-info-button\" title=\"Sort options\">\r\n                <i class=\"eva eva-options\"><\/i>\r\n            <\/a>\r\n            <div class=\"tippy-content-holder sort-div\">\r\n                <ul class='nav-sorting-list'>\r\n                    <li><a class=\"nav-sorting-field nav-name sort-selected\" data-field=\"name\" title=\"Name\">\r\n                            Name                        <\/a>\r\n                    <\/li>\r\n                    <li><a class=\"nav-sorting-field nav-size\" data-field=\"size\" title=\"Size\">\r\n                            Size                        <\/a>\r\n                    <\/li>\r\n                    <li><a class=\"nav-sorting-field nav-modified\" data-field=\"modified\" title=\"Modified\">\r\n                            Modified                        <\/a>\r\n                    <\/li>\r\n                    <li><a class=\"nav-sorting-field nav-datetaken\" data-field=\"datetaken\" title=\"Date of creation\">\r\n                            Date of creation                        <\/a>\r\n                    <\/li>\r\n                    <li class=\"list-separator\">&nbsp;<\/li>\r\n                    <li><a class=\"nav-sorting-order nav-asc sort-selected\" data-order=\"asc\" title=\"Ascending\">\r\n                            Ascending                        <\/a>\r\n                    <\/li>\r\n                    <li><a class=\"nav-sorting-order nav-desc\" data-order=\"desc\" title=\"Descending\">\r\n                            Descending                        <\/a>\r\n                    <\/li>\r\n                <\/ul>\r\n            <\/div>\r\n\r\n            <a class=\"nav-gear entry-info-button\" title=\"More actions\">\r\n                <i class=\"eva eva-more-vertical-outline\"><\/i>\r\n            <\/a>\r\n            <div class=\"tippy-content-holder gear-div\" data-token=\"60c04c3be4a8f4d074d73b105f5dd595\">\r\n                <ul data-id=\"60c04c3be4a8f4d074d73b105f5dd595\">\r\n\r\n                                        <li style=\"display: none\"><a class=\"nav-layout nav-layout-grid\" title=\"Thumbnails view\">\r\n                            <i class=\"eva eva-grid-outline eva-lg\"><\/i>Thumbnails view                        <\/a>\r\n                    <\/li>\r\n                    <li><a class=\"nav-layout nav-layout-list\" title=\"List view\">\r\n                            <i class=\"eva eva-list-outline eva-lg\"><\/i>List view                        <\/a>\r\n                    <\/li>\r\n                                        <li class='gear-menu-no-options' style=\"display: none\"><a><i class='eva eva-info-outline eva-lg'><\/i>No options...<\/a><\/li>\r\n                <\/ul>\r\n            <\/div>\r\n                        <a class=\"nav-refresh entry-info-button\" title=\"Refresh\">\r\n                <i class=\"eva eva-sync\"><\/i>\r\n            <\/a>\r\n                    <\/div>        <div class=\"wpcp-container-content\">\r\n            <div class=\"loading initialize\">                <svg class=\"loader-spinner\" viewbox=\"25 25 50 50\">\r\n                    <circle class=\"path\" cx=\"50\" cy=\"50\" r=\"20\" fill=\"none\" stroke-width=\"3\" stroke-miterlimit=\"10\"><\/circle>\r\n                <\/svg>\r\n                            <\/div>\r\n            <div class=\"ajax-filelist\" style=\"\">\r\n                <div class='files'>\r\n                    <div class=\"folders-container\"><div class=\"entry folder skeleton-entry\">\r\n    <div class=\"entry_block\">\r\n                <div class=\"entry-info\">\r\n            <div class=\"entry-info-icon skeleton skeleton-icon\"><\/div>\r\n            <div class=\"entry-info-name\"><span class=\"skeleton skeleton-text\"><\/span><\/div>\r\n                    <\/div>\r\n    <\/div>\r\n<\/div>\r\n<div class=\"entry folder skeleton-entry\">\r\n    <div class=\"entry_block\">\r\n                <div class=\"entry-info\">\r\n            <div class=\"entry-info-icon skeleton skeleton-icon\"><\/div>\r\n            <div class=\"entry-info-name\"><span class=\"skeleton skeleton-text\"><\/span><\/div>\r\n                    <\/div>\r\n    <\/div>\r\n<\/div>\r\n<div class=\"entry folder skeleton-entry\">\r\n    <div class=\"entry_block\">\r\n                <div class=\"entry-info\">\r\n            <div class=\"entry-info-icon skeleton skeleton-icon\"><\/div>\r\n            <div class=\"entry-info-name\"><span class=\"skeleton skeleton-text\"><\/span><\/div>\r\n                    <\/div>\r\n    <\/div>\r\n<\/div>\r\n<\/div>\r\n                    <div class=\"files-container\"><div class=\"entry file skeleton-entry\">\r\n    <div class=\"entry_block\">\r\n         <div class=\"entry_thumbnail skeleton skeleton-img\"><\/div>        <div class=\"entry-info\">\r\n            <div class=\"entry-info-icon skeleton skeleton-icon\"><\/div>\r\n            <div class=\"entry-info-name\"><span class=\"skeleton skeleton-text\"><\/span><\/div>\r\n                        <div class=\"entry-info-modified-date skeleton skeleton-text-small\"><\/div>\r\n            <div class=\"entry-info-size skeleton skeleton-text-small\"><\/div>\r\n                    <\/div>\r\n    <\/div>\r\n<\/div>\r\n<div class=\"entry file skeleton-entry\">\r\n    <div class=\"entry_block\">\r\n         <div class=\"entry_thumbnail skeleton skeleton-img\"><\/div>        <div class=\"entry-info\">\r\n            <div class=\"entry-info-icon skeleton skeleton-icon\"><\/div>\r\n            <div class=\"entry-info-name\"><span class=\"skeleton skeleton-text\"><\/span><\/div>\r\n                        <div class=\"entry-info-modified-date skeleton skeleton-text-small\"><\/div>\r\n            <div class=\"entry-info-size skeleton skeleton-text-small\"><\/div>\r\n                    <\/div>\r\n    <\/div>\r\n<\/div>\r\n<div class=\"entry file skeleton-entry\">\r\n    <div class=\"entry_block\">\r\n         <div class=\"entry_thumbnail skeleton skeleton-img\"><\/div>        <div class=\"entry-info\">\r\n            <div class=\"entry-info-icon skeleton skeleton-icon\"><\/div>\r\n            <div class=\"entry-info-name\"><span class=\"skeleton skeleton-text\"><\/span><\/div>\r\n                        <div class=\"entry-info-modified-date skeleton skeleton-text-small\"><\/div>\r\n            <div class=\"entry-info-size skeleton skeleton-text-small\"><\/div>\r\n                    <\/div>\r\n    <\/div>\r\n<\/div>\r\n<div class=\"entry file skeleton-entry\">\r\n    <div class=\"entry_block\">\r\n         <div class=\"entry_thumbnail skeleton skeleton-img\"><\/div>        <div class=\"entry-info\">\r\n            <div class=\"entry-info-icon skeleton skeleton-icon\"><\/div>\r\n            <div class=\"entry-info-name\"><span class=\"skeleton skeleton-text\"><\/span><\/div>\r\n                        <div class=\"entry-info-modified-date skeleton skeleton-text-small\"><\/div>\r\n            <div class=\"entry-info-size skeleton skeleton-text-small\"><\/div>\r\n                    <\/div>\r\n    <\/div>\r\n<\/div>\r\n<div class=\"entry file skeleton-entry\">\r\n    <div class=\"entry_block\">\r\n         <div class=\"entry_thumbnail skeleton skeleton-img\"><\/div>        <div class=\"entry-info\">\r\n            <div class=\"entry-info-icon skeleton skeleton-icon\"><\/div>\r\n            <div class=\"entry-info-name\"><span class=\"skeleton skeleton-text\"><\/span><\/div>\r\n                        <div class=\"entry-info-modified-date skeleton skeleton-text-small\"><\/div>\r\n            <div class=\"entry-info-size skeleton skeleton-text-small\"><\/div>\r\n                    <\/div>\r\n    <\/div>\r\n<\/div>\r\n<\/div>\r\n                <\/div>\r\n            <\/div>\r\n            <div class=\"scroll-to-top\">\r\n                <button class=\"scroll-to-top-action button button-round-icon secondary button-round-icon-lg button-shadow-3\" type=\"button\" title=\"Scroll to top\" aria-expanded=\"false\"><i class=\"eva eva-arrow-upward-outline eva-2x\"><\/i><\/button>\r\n                            <\/div>\r\n            <div class=\"wpcp-browser-container-info\">\r\n                <div class=\"wpcp-container-overlay\"><\/div>\r\n                <div class=\"wpcp-info-content\">\r\n                    <div class=\"wpcp-info-close entry-info-button\">\r\n                        <i class=\"eva eva-close eva-lg\" aria-hidden=\"true\"><\/i>\r\n                    <\/div>\r\n                    <div class=\"wpcp-info-thumbnail\"><\/div>\r\n                    <div class=\"wpcp-info-list\"><\/div>\r\n                <\/div>\r\n            <\/div>\r\n        <\/div>\r\n    <\/div>\r\n<\/div><\/div><\/div><div class='wpcp-module-script'><script type='text\/javascript'>if (typeof(jQuery) !== 'undefined' && typeof(jQuery.cp) !== 'undefined' && typeof(jQuery.cp.ShareoneDrive) === 'function') { jQuery('#ShareoneDrive-60c04c3be4a8f4d074d73b105f5dd595').ShareoneDrive(ShareoneDrive_vars); };<\/script><\/div><\/div>\n\n\t\t<\/div>\n\t<\/div>\n<\/div><\/div><\/div><\/div><div class=\"vc_row wpb_row vc_row-fluid vc_custom_1668060071413\"><div class=\"wpb_column vc_column_container vc_col-sm-10 vc_col-lg-offset-2 vc_col-lg-8 vc_col-md-offset-2 vc_col-md-8 vc_col-sm-offset-1 vc_col-xs-offset-1 vc_col-xs-10\"><div class=\"vc_column-inner\"><div class=\"wpb_wrapper\"><div class=\"vc_row wpb_row vc_inner vc_row-fluid\"><div class=\"wpb_column vc_column_container vc_col-sm-6 vc_col-lg-offset-0 vc_col-md-offset-0 vc_col-sm-offset-0 vc_col-xs-6 vc_col-has-fill\"><div class=\"vc_column-inner vc_custom_1681448637424\"><div class=\"wpb_wrapper\"><\/div><\/div><\/div><\/div><div id=\"ultimate-heading-225669f47e5340dde\" class=\"uvc-heading ult-adjust-bottom-margin ultimate-heading-225669f47e5340dde uvc-431\" data-hspacer=\"no_spacer\"  data-halign=\"center\" style=\"text-align:center\"><div class=\"uvc-heading-spacer no_spacer\" style=\"top\"><\/div><div class=\"uvc-main-heading ult-responsive\"  data-ultimate-target='.uvc-heading.ultimate-heading-225669f47e5340dde h2'  data-responsive-json-new='{\"font-size\":\"desktop:50px;\",\"line-height\":\"desktop:60px;\"}' ><h2 style=\"font-weight:bold;color:#0753a7;margin-bottom:10px;\">Trial license<\/h2><\/div><\/div>\n\t<div class=\"wpb_text_column wpb_content_element\" >\n\t\t<div class=\"wpb_wrapper\">\n\t\t\t<p>For the Scripting Framework, you need a license file. We are happy to provide you with a time-limited trial license with full functionality:\u00a0<a href=\"\/en\/scriptingframework\/trial\/\">Request trial license here<\/a>.<\/p>\n\n\t\t<\/div>\n\t<\/div>\n<\/div><\/div><\/div><\/div>\n<\/div>","protected":false},"excerpt":{"rendered":"<p>Scripting Framework DownloadsLaden Sie die neuesten Versionen und Updates herunter. Mit jeder neuen Version wird Scripting Framework erweitert und es werden Verbesserungen hinzugef\u00fcgt. Detaillierte Informationen zur Installation und zum Produkt finden Sie im Benutzerhandbuch des Scripting Frameworks. Downloads \u00dcbersicht Installieren Sie zun\u00e4chst die Scripting Framework Engine gem\u00e4ss dem Benutzerhandbuch, einschliesslich der Lizenz. Anschliessend k\u00f6nnen die&hellip;<\/p>","protected":false},"author":1,"featured_media":0,"parent":1483,"menu_order":10,"comment_status":"closed","ping_status":"closed","template":"","meta":{"footnotes":""},"class_list":["post-3917","page","type-page","status-publish","hentry","description-off"],"yoast_head":"<!-- This site is optimized with the Yoast SEO plugin v27.5 - https:\/\/yoast.com\/product\/yoast-seo-wordpress\/ -->\n<title>Download-Center - Windows Client Management AG - WinCM<\/title>\n<meta name=\"robots\" content=\"index, follow, max-snippet:-1, max-image-preview:large, max-video-preview:-1\" \/>\n<link rel=\"canonical\" href=\"https:\/\/www.wincm.ch\/en\/scriptingframework\/downloads\/\" \/>\n<meta property=\"og:locale\" content=\"en_US\" \/>\n<meta property=\"og:type\" content=\"article\" \/>\n<meta property=\"og:title\" content=\"Download-Center - Windows Client Management AG - WinCM\" \/>\n<meta property=\"og:url\" content=\"https:\/\/www.wincm.ch\/en\/scriptingframework\/downloads\/\" \/>\n<meta property=\"og:site_name\" content=\"Windows Client Management AG - WinCM\" \/>\n<meta property=\"article:modified_time\" content=\"2026-03-22T09:29:35+00:00\" \/>\n<meta name=\"twitter:card\" content=\"summary_large_image\" \/>\n<meta name=\"twitter:label1\" content=\"Est. reading time\" \/>\n\t<meta name=\"twitter:data1\" content=\"3 minutes\" \/>\n<script type=\"application\/ld+json\" class=\"yoast-schema-graph\">{\"@context\":\"https:\\\/\\\/schema.org\",\"@graph\":[{\"@type\":\"WebPage\",\"@id\":\"https:\\\/\\\/www.wincm.ch\\\/scriptingframework\\\/downloads\\\/\",\"url\":\"https:\\\/\\\/www.wincm.ch\\\/scriptingframework\\\/downloads\\\/\",\"name\":\"Download-Center - Windows Client Management AG - WinCM\",\"isPartOf\":{\"@id\":\"https:\\\/\\\/www.wincm.ch\\\/en\\\/#website\"},\"datePublished\":\"2022-11-03T12:46:01+00:00\",\"dateModified\":\"2026-03-22T09:29:35+00:00\",\"breadcrumb\":{\"@id\":\"https:\\\/\\\/www.wincm.ch\\\/scriptingframework\\\/downloads\\\/#breadcrumb\"},\"inLanguage\":\"en-US\",\"potentialAction\":[{\"@type\":\"ReadAction\",\"target\":[\"https:\\\/\\\/www.wincm.ch\\\/scriptingframework\\\/downloads\\\/\"]}]},{\"@type\":\"BreadcrumbList\",\"@id\":\"https:\\\/\\\/www.wincm.ch\\\/scriptingframework\\\/downloads\\\/#breadcrumb\",\"itemListElement\":[{\"@type\":\"ListItem\",\"position\":1,\"name\":\"Startseite\",\"item\":\"https:\\\/\\\/www.wincm.ch\\\/\"},{\"@type\":\"ListItem\",\"position\":2,\"name\":\"Scripting Framework\",\"item\":\"https:\\\/\\\/www.wincm.ch\\\/scriptingframework\\\/\"},{\"@type\":\"ListItem\",\"position\":3,\"name\":\"Download-Center\"}]},{\"@type\":\"WebSite\",\"@id\":\"https:\\\/\\\/www.wincm.ch\\\/en\\\/#website\",\"url\":\"https:\\\/\\\/www.wincm.ch\\\/en\\\/\",\"name\":\"Windows Client Management AG - WinCM\",\"description\":\"Software Deployment Solutions\",\"publisher\":{\"@id\":\"https:\\\/\\\/www.wincm.ch\\\/en\\\/#organization\"},\"potentialAction\":[{\"@type\":\"SearchAction\",\"target\":{\"@type\":\"EntryPoint\",\"urlTemplate\":\"https:\\\/\\\/www.wincm.ch\\\/en\\\/?s={search_term_string}\"},\"query-input\":{\"@type\":\"PropertyValueSpecification\",\"valueRequired\":true,\"valueName\":\"search_term_string\"}}],\"inLanguage\":\"en-US\"},{\"@type\":\"Organization\",\"@id\":\"https:\\\/\\\/www.wincm.ch\\\/en\\\/#organization\",\"name\":\"Windows Client Management AG\",\"url\":\"https:\\\/\\\/www.wincm.ch\\\/en\\\/\",\"logo\":{\"@type\":\"ImageObject\",\"inLanguage\":\"en-US\",\"@id\":\"https:\\\/\\\/www.wincm.ch\\\/en\\\/#\\\/schema\\\/logo\\\/image\\\/\",\"url\":\"https:\\\/\\\/www.wincm.ch\\\/wp-content\\\/uploads\\\/2022\\\/10\\\/wincm_logo_small.png\",\"contentUrl\":\"https:\\\/\\\/www.wincm.ch\\\/wp-content\\\/uploads\\\/2022\\\/10\\\/wincm_logo_small.png\",\"width\":211,\"height\":50,\"caption\":\"Windows Client Management AG\"},\"image\":{\"@id\":\"https:\\\/\\\/www.wincm.ch\\\/en\\\/#\\\/schema\\\/logo\\\/image\\\/\"}}]}<\/script>\n<!-- \/ Yoast SEO plugin. -->","yoast_head_json":{"title":"Download-Center - Windows Client Management AG - WinCM","robots":{"index":"index","follow":"follow","max-snippet":"max-snippet:-1","max-image-preview":"max-image-preview:large","max-video-preview":"max-video-preview:-1"},"canonical":"https:\/\/www.wincm.ch\/en\/scriptingframework\/downloads\/","og_locale":"en_US","og_type":"article","og_title":"Download-Center - Windows Client Management AG - WinCM","og_url":"https:\/\/www.wincm.ch\/en\/scriptingframework\/downloads\/","og_site_name":"Windows Client Management AG - WinCM","article_modified_time":"2026-03-22T09:29:35+00:00","twitter_card":"summary_large_image","twitter_misc":{"Est. reading time":"3 minutes"},"schema":{"@context":"https:\/\/schema.org","@graph":[{"@type":"WebPage","@id":"https:\/\/www.wincm.ch\/scriptingframework\/downloads\/","url":"https:\/\/www.wincm.ch\/scriptingframework\/downloads\/","name":"Download-Center - Windows Client Management AG - WinCM","isPartOf":{"@id":"https:\/\/www.wincm.ch\/en\/#website"},"datePublished":"2022-11-03T12:46:01+00:00","dateModified":"2026-03-22T09:29:35+00:00","breadcrumb":{"@id":"https:\/\/www.wincm.ch\/scriptingframework\/downloads\/#breadcrumb"},"inLanguage":"en-US","potentialAction":[{"@type":"ReadAction","target":["https:\/\/www.wincm.ch\/scriptingframework\/downloads\/"]}]},{"@type":"BreadcrumbList","@id":"https:\/\/www.wincm.ch\/scriptingframework\/downloads\/#breadcrumb","itemListElement":[{"@type":"ListItem","position":1,"name":"Startseite","item":"https:\/\/www.wincm.ch\/"},{"@type":"ListItem","position":2,"name":"Scripting Framework","item":"https:\/\/www.wincm.ch\/scriptingframework\/"},{"@type":"ListItem","position":3,"name":"Download-Center"}]},{"@type":"WebSite","@id":"https:\/\/www.wincm.ch\/en\/#website","url":"https:\/\/www.wincm.ch\/en\/","name":"Windows Client Management AG - WinCM","description":"Software Deployment Solutions","publisher":{"@id":"https:\/\/www.wincm.ch\/en\/#organization"},"potentialAction":[{"@type":"SearchAction","target":{"@type":"EntryPoint","urlTemplate":"https:\/\/www.wincm.ch\/en\/?s={search_term_string}"},"query-input":{"@type":"PropertyValueSpecification","valueRequired":true,"valueName":"search_term_string"}}],"inLanguage":"en-US"},{"@type":"Organization","@id":"https:\/\/www.wincm.ch\/en\/#organization","name":"Windows Client Management AG","url":"https:\/\/www.wincm.ch\/en\/","logo":{"@type":"ImageObject","inLanguage":"en-US","@id":"https:\/\/www.wincm.ch\/en\/#\/schema\/logo\/image\/","url":"https:\/\/www.wincm.ch\/wp-content\/uploads\/2022\/10\/wincm_logo_small.png","contentUrl":"https:\/\/www.wincm.ch\/wp-content\/uploads\/2022\/10\/wincm_logo_small.png","width":211,"height":50,"caption":"Windows Client Management AG"},"image":{"@id":"https:\/\/www.wincm.ch\/en\/#\/schema\/logo\/image\/"}}]}},"_links":{"self":[{"href":"https:\/\/www.wincm.ch\/en\/wp-json\/wp\/v2\/pages\/3917","targetHints":{"allow":["GET"]}}],"collection":[{"href":"https:\/\/www.wincm.ch\/en\/wp-json\/wp\/v2\/pages"}],"about":[{"href":"https:\/\/www.wincm.ch\/en\/wp-json\/wp\/v2\/types\/page"}],"author":[{"embeddable":true,"href":"https:\/\/www.wincm.ch\/en\/wp-json\/wp\/v2\/users\/1"}],"replies":[{"embeddable":true,"href":"https:\/\/www.wincm.ch\/en\/wp-json\/wp\/v2\/comments?post=3917"}],"version-history":[{"count":1,"href":"https:\/\/www.wincm.ch\/en\/wp-json\/wp\/v2\/pages\/3917\/revisions"}],"predecessor-version":[{"id":4873,"href":"https:\/\/www.wincm.ch\/en\/wp-json\/wp\/v2\/pages\/3917\/revisions\/4873"}],"up":[{"embeddable":true,"href":"https:\/\/www.wincm.ch\/en\/wp-json\/wp\/v2\/pages\/1483"}],"wp:attachment":[{"href":"https:\/\/www.wincm.ch\/en\/wp-json\/wp\/v2\/media?parent=3917"}],"curies":[{"name":"wp","href":"https:\/\/api.w.org\/{rel}","templated":true}]}}