{"id":3922,"date":"2022-11-03T12:49:54","date_gmt":"2022-11-03T12:49:54","guid":{"rendered":"https:\/\/new.wincm.ch\/?page_id=3922"},"modified":"2026-03-22T09:48:07","modified_gmt":"2026-03-22T09:48:07","slug":"screenshots","status":"publish","type":"page","link":"https:\/\/www.wincm.ch\/en\/scriptingframework\/screenshots\/","title":{"rendered":"Screenshots"},"content":{"rendered":"<div class=\"wpb-content-wrapper\"><div class=\"vc_row wpb_row vc_row-fluid vc_custom_1667486865998\"><div class=\"wpb_column vc_column_container vc_col-sm-12\"><div class=\"vc_column-inner\"><div class=\"wpb_wrapper\">\n\t<div  class=\"wpb_single_image wpb_content_element vc_align_center\">\n\t\t\n\t\t<figure class=\"wpb_wrapper vc_figure\">\n\t\t\t<div class=\"vc_single_image-wrapper vc_box_shadow_3d  vc_box_border_grey\"><img fetchpriority=\"high\" decoding=\"async\" width=\"1920\" height=\"1040\" src=\"https:\/\/www.wincm.ch\/wp-content\/uploads\/2022\/11\/SF-PowerShellEditor.jpg\" class=\"vc_single_image-img attachment-full\" alt=\"\" title=\"SF-PowerShellEditor\" srcset=\"https:\/\/www.wincm.ch\/wp-content\/uploads\/2022\/11\/SF-PowerShellEditor.jpg 1920w, https:\/\/www.wincm.ch\/wp-content\/uploads\/2022\/11\/SF-PowerShellEditor-300x163.jpg 300w, https:\/\/www.wincm.ch\/wp-content\/uploads\/2022\/11\/SF-PowerShellEditor-1024x555.jpg 1024w, https:\/\/www.wincm.ch\/wp-content\/uploads\/2022\/11\/SF-PowerShellEditor-768x416.jpg 768w, https:\/\/www.wincm.ch\/wp-content\/uploads\/2022\/11\/SF-PowerShellEditor-1536x832.jpg 1536w\" sizes=\"(max-width: 1920px) 100vw, 1920px\"  data-dt-location=\"https:\/\/www.wincm.ch\/en\/scriptingframework\/screenshots\/sf-powershelleditor\/\" \/><\/div>\n\t\t<\/figure>\n\t<\/div>\n\n\t<div class=\"wpb_text_column wpb_content_element\" >\n\t\t<div class=\"wpb_wrapper\">\n\t\t\t<p style=\"text-align: center;\">Editing the installation script with Microsoft PowerShell ISE<\/p>\n\n\t\t<\/div>\n\t<\/div>\n<\/div><\/div><\/div><\/div><div class=\"vc_row wpb_row vc_row-fluid vc_custom_1667486838883\"><div class=\"wpb_column vc_column_container vc_col-sm-12\"><div class=\"vc_column-inner\"><div class=\"wpb_wrapper\"><div class=\"vc_separator wpb_content_element vc_separator_align_center vc_sep_width_100 vc_sep_border_width_2 vc_sep_pos_align_center vc_separator_no_text wpb_content_element  wpb_content_element\" ><span class=\"vc_sep_holder vc_sep_holder_l\"><span style=\"border-color:#0753a7;\" class=\"vc_sep_line\"><\/span><\/span><span class=\"vc_sep_holder vc_sep_holder_r\"><span style=\"border-color:#0753a7;\" class=\"vc_sep_line\"><\/span><\/span>\n<\/div>\n\t<div  class=\"wpb_single_image wpb_content_element vc_align_center  vc_custom_1667486786003\">\n\t\t\n\t\t<figure class=\"wpb_wrapper vc_figure\">\n\t\t\t<div class=\"vc_single_image-wrapper vc_box_shadow_3d  vc_box_border_grey\"><img decoding=\"async\" width=\"768\" height=\"516\" src=\"https:\/\/www.wincm.ch\/wp-content\/uploads\/2022\/11\/suite2100-768x516-1.png\" class=\"vc_single_image-img attachment-full\" alt=\"\" title=\"suite2100-768x516\" srcset=\"https:\/\/www.wincm.ch\/wp-content\/uploads\/2022\/11\/suite2100-768x516-1.png 768w, https:\/\/www.wincm.ch\/wp-content\/uploads\/2022\/11\/suite2100-768x516-1-300x202.png 300w\" sizes=\"(max-width: 768px) 100vw, 768px\"  data-dt-location=\"https:\/\/www.wincm.ch\/en\/scriptingframework\/screenshots\/suite2100-768x516\/\" \/><\/div>\n\t\t<\/figure>\n\t<\/div>\n\n\t<div class=\"wpb_text_column wpb_content_element\" >\n\t\t<div class=\"wpb_wrapper\">\n\t\t\t<p style=\"text-align: center;\">Scripting Framework Suite Tools<\/p>\n\n\t\t<\/div>\n\t<\/div>\n<style type=\"text\/css\" data-type=\"the7_shortcodes-inline-css\">#default-btn-ca7a02d9818118fa78405320dd8d8ef6.ico-right-side > i {\n  margin-right: 0px;\n  margin-left: 8px;\n}\n#default-btn-ca7a02d9818118fa78405320dd8d8ef6 > i {\n  margin-right: 8px;\n}<\/style><div class=\"btn-align-center\"><a href=\"\/en\/scriptingframework\/engine-suite\/\" class=\"default-btn-shortcode dt-btn dt-btn-s link-hover-off\" id=\"default-btn-ca7a02d9818118fa78405320dd8d8ef6\"><span>Details<\/span><\/a><\/div><\/div><\/div><\/div><\/div><div class=\"vc_row wpb_row vc_row-fluid vc_custom_1667486838883\"><div class=\"wpb_column vc_column_container vc_col-sm-12\"><div class=\"vc_column-inner\"><div class=\"wpb_wrapper\"><div class=\"vc_separator wpb_content_element vc_separator_align_center vc_sep_width_100 vc_sep_border_width_2 vc_sep_pos_align_center vc_separator_no_text wpb_content_element  wpb_content_element\" ><span class=\"vc_sep_holder vc_sep_holder_l\"><span style=\"border-color:#0753a7;\" class=\"vc_sep_line\"><\/span><\/span><span class=\"vc_sep_holder vc_sep_holder_r\"><span style=\"border-color:#0753a7;\" class=\"vc_sep_line\"><\/span><\/span>\n<\/div>\n\t<div  class=\"wpb_single_image wpb_content_element vc_align_center  vc_custom_1667487006998\">\n\t\t\n\t\t<figure class=\"wpb_wrapper vc_figure\">\n\t\t\t<div class=\"vc_single_image-wrapper vc_box_shadow_3d  vc_box_border_grey\"><img decoding=\"async\" width=\"476\" height=\"364\" src=\"https:\/\/www.wincm.ch\/wp-content\/uploads\/2022\/11\/SF-Taskkill_German.png\" class=\"vc_single_image-img attachment-full\" alt=\"\" title=\"SF-Taskkill_German\" srcset=\"https:\/\/www.wincm.ch\/wp-content\/uploads\/2022\/11\/SF-Taskkill_German.png 476w, https:\/\/www.wincm.ch\/wp-content\/uploads\/2022\/11\/SF-Taskkill_German-300x229.png 300w\" sizes=\"(max-width: 476px) 100vw, 476px\"  data-dt-location=\"https:\/\/www.wincm.ch\/en\/scriptingframework\/screenshots\/sf-taskkill_german\/\" \/><\/div>\n\t\t<\/figure>\n\t<\/div>\n\n\t<div class=\"wpb_text_column wpb_content_element\" >\n\t\t<div class=\"wpb_wrapper\">\n\t\t\t<p style=\"text-align: center;\">The user is informed that one or more applications will be closed automatically during installation. This message is also displayed if the package installation is running under the SYSTEM account.<\/p>\n\n\t\t<\/div>\n\t<\/div>\n<\/div><\/div><\/div><\/div><div class=\"vc_row wpb_row vc_row-fluid vc_custom_1667486838883\"><div class=\"wpb_column vc_column_container vc_col-sm-12\"><div class=\"vc_column-inner\"><div class=\"wpb_wrapper\"><div class=\"vc_separator wpb_content_element vc_separator_align_center vc_sep_width_100 vc_sep_border_width_2 vc_sep_pos_align_center vc_separator_no_text wpb_content_element  wpb_content_element\" ><span class=\"vc_sep_holder vc_sep_holder_l\"><span style=\"border-color:#0753a7;\" class=\"vc_sep_line\"><\/span><\/span><span class=\"vc_sep_holder vc_sep_holder_r\"><span style=\"border-color:#0753a7;\" class=\"vc_sep_line\"><\/span><\/span>\n<\/div>\n\t<div  class=\"wpb_single_image wpb_content_element vc_align_center  vc_custom_1667487166131\">\n\t\t\n\t\t<figure class=\"wpb_wrapper vc_figure\">\n\t\t\t<div class=\"vc_single_image-wrapper vc_box_shadow_3d  vc_box_border_grey\"><img loading=\"lazy\" decoding=\"async\" width=\"366\" height=\"156\" src=\"https:\/\/www.wincm.ch\/wp-content\/uploads\/2022\/11\/SF-Taskkill_Ballon_German.jpg\" class=\"vc_single_image-img attachment-full\" alt=\"\" title=\"SF-Taskkill_Ballon_German\" srcset=\"https:\/\/www.wincm.ch\/wp-content\/uploads\/2022\/11\/SF-Taskkill_Ballon_German.jpg 366w, https:\/\/www.wincm.ch\/wp-content\/uploads\/2022\/11\/SF-Taskkill_Ballon_German-300x128.jpg 300w\" sizes=\"(max-width: 366px) 100vw, 366px\"  data-dt-location=\"https:\/\/www.wincm.ch\/en\/scriptingframework\/screenshots\/sf-taskkill_ballon_german\/\" \/><\/div>\n\t\t<\/figure>\n\t<\/div>\n\n\t<div class=\"wpb_text_column wpb_content_element\" >\n\t\t<div class=\"wpb_wrapper\">\n\t\t\t<p style=\"text-align: center;\">The notification is also visible in the taskbar as a balloon.<\/p>\n\n\t\t<\/div>\n\t<\/div>\n<\/div><\/div><\/div><\/div><div class=\"vc_row wpb_row vc_row-fluid vc_custom_1667486838883\"><div class=\"wpb_column vc_column_container vc_col-sm-12\"><div class=\"vc_column-inner\"><div class=\"wpb_wrapper\"><div class=\"vc_separator wpb_content_element vc_separator_align_center vc_sep_width_100 vc_sep_border_width_2 vc_sep_pos_align_center vc_separator_no_text wpb_content_element  wpb_content_element\" ><span class=\"vc_sep_holder vc_sep_holder_l\"><span style=\"border-color:#0753a7;\" class=\"vc_sep_line\"><\/span><\/span><span class=\"vc_sep_holder vc_sep_holder_r\"><span style=\"border-color:#0753a7;\" class=\"vc_sep_line\"><\/span><\/span>\n<\/div>\n\t<div  class=\"wpb_single_image wpb_content_element vc_align_center  vc_custom_1667487214585\">\n\t\t\n\t\t<figure class=\"wpb_wrapper vc_figure\">\n\t\t\t<div class=\"vc_single_image-wrapper vc_box_shadow_3d  vc_box_border_grey\"><img loading=\"lazy\" decoding=\"async\" width=\"476\" height=\"483\" src=\"https:\/\/www.wincm.ch\/wp-content\/uploads\/2022\/11\/SF-InstallNotification_German.png\" class=\"vc_single_image-img attachment-full\" alt=\"\" title=\"SF-InstallNotification_German\" srcset=\"https:\/\/www.wincm.ch\/wp-content\/uploads\/2022\/11\/SF-InstallNotification_German.png 476w, https:\/\/www.wincm.ch\/wp-content\/uploads\/2022\/11\/SF-InstallNotification_German-296x300.png 296w\" sizes=\"(max-width: 476px) 100vw, 476px\"  data-dt-location=\"https:\/\/www.wincm.ch\/en\/scriptingframework\/screenshots\/sf-installnotification_german\/\" \/><\/div>\n\t\t<\/figure>\n\t<\/div>\n\n\t<div class=\"wpb_text_column wpb_content_element\" >\n\t\t<div class=\"wpb_wrapper\">\n\t\t\t<p style=\"text-align: center;\">Announcement of a software installation with the display of applications that will be closed for the installation. The user has the option to postpone the installation, the parameters can be set by the administrator.<\/p>\n\n\t\t<\/div>\n\t<\/div>\n<\/div><\/div><\/div><\/div><div class=\"vc_row wpb_row vc_row-fluid vc_custom_1667486838883\"><div class=\"wpb_column vc_column_container vc_col-sm-12\"><div class=\"vc_column-inner\"><div class=\"wpb_wrapper\"><div class=\"vc_separator wpb_content_element vc_separator_align_center vc_sep_width_100 vc_sep_border_width_2 vc_sep_pos_align_center vc_separator_no_text wpb_content_element  wpb_content_element\" ><span class=\"vc_sep_holder vc_sep_holder_l\"><span style=\"border-color:#0753a7;\" class=\"vc_sep_line\"><\/span><\/span><span class=\"vc_sep_holder vc_sep_holder_r\"><span style=\"border-color:#0753a7;\" class=\"vc_sep_line\"><\/span><\/span>\n<\/div>\n\t<div  class=\"wpb_single_image wpb_content_element vc_align_center  vc_custom_1667487248989\">\n\t\t\n\t\t<figure class=\"wpb_wrapper vc_figure\">\n\t\t\t<div class=\"vc_single_image-wrapper vc_box_shadow_3d  vc_box_border_grey\"><img loading=\"lazy\" decoding=\"async\" width=\"369\" height=\"138\" src=\"https:\/\/www.wincm.ch\/wp-content\/uploads\/2022\/11\/SF-InstallNotification_Ballon_German.jpg\" class=\"vc_single_image-img attachment-full\" alt=\"\" title=\"SF-InstallNotification_Ballon_German\" srcset=\"https:\/\/www.wincm.ch\/wp-content\/uploads\/2022\/11\/SF-InstallNotification_Ballon_German.jpg 369w, https:\/\/www.wincm.ch\/wp-content\/uploads\/2022\/11\/SF-InstallNotification_Ballon_German-300x112.jpg 300w\" sizes=\"(max-width: 369px) 100vw, 369px\"  data-dt-location=\"https:\/\/www.wincm.ch\/en\/scriptingframework\/screenshots\/sf-installnotification_ballon_german\/\" \/><\/div>\n\t\t<\/figure>\n\t<\/div>\n\n\t<div class=\"wpb_text_column wpb_content_element\" >\n\t\t<div class=\"wpb_wrapper\">\n\t\t\t<p style=\"text-align: center;\">The announcement of the software installation is also displayed as a balloon in the taskbar.<\/p>\n\n\t\t<\/div>\n\t<\/div>\n<\/div><\/div><\/div><\/div><div class=\"vc_row wpb_row vc_row-fluid vc_custom_1667486838883\"><div class=\"wpb_column vc_column_container vc_col-sm-12\"><div class=\"vc_column-inner\"><div class=\"wpb_wrapper\"><div class=\"vc_separator wpb_content_element vc_separator_align_center vc_sep_width_100 vc_sep_border_width_2 vc_sep_pos_align_center vc_separator_no_text wpb_content_element  wpb_content_element\" ><span class=\"vc_sep_holder vc_sep_holder_l\"><span style=\"border-color:#0753a7;\" class=\"vc_sep_line\"><\/span><\/span><span class=\"vc_sep_holder vc_sep_holder_r\"><span style=\"border-color:#0753a7;\" class=\"vc_sep_line\"><\/span><\/span>\n<\/div>\n\t<div  class=\"wpb_single_image wpb_content_element vc_align_center  vc_custom_1667487278535\">\n\t\t\n\t\t<figure class=\"wpb_wrapper vc_figure\">\n\t\t\t<div class=\"vc_single_image-wrapper vc_box_shadow_3d  vc_box_border_grey\"><img loading=\"lazy\" decoding=\"async\" width=\"1709\" height=\"921\" src=\"https:\/\/www.wincm.ch\/wp-content\/uploads\/2022\/11\/SF-Lockscreen.jpg\" class=\"vc_single_image-img attachment-full\" alt=\"\" title=\"SF-Lockscreen\" srcset=\"https:\/\/www.wincm.ch\/wp-content\/uploads\/2022\/11\/SF-Lockscreen.jpg 1709w, https:\/\/www.wincm.ch\/wp-content\/uploads\/2022\/11\/SF-Lockscreen-300x162.jpg 300w, https:\/\/www.wincm.ch\/wp-content\/uploads\/2022\/11\/SF-Lockscreen-1024x552.jpg 1024w, https:\/\/www.wincm.ch\/wp-content\/uploads\/2022\/11\/SF-Lockscreen-768x414.jpg 768w, https:\/\/www.wincm.ch\/wp-content\/uploads\/2022\/11\/SF-Lockscreen-1536x828.jpg 1536w\" sizes=\"(max-width: 1709px) 100vw, 1709px\"  data-dt-location=\"https:\/\/www.wincm.ch\/en\/scriptingframework\/screenshots\/sf-lockscreen\/\" \/><\/div>\n\t\t<\/figure>\n\t<\/div>\n\n\t<div class=\"wpb_text_column wpb_content_element\" >\n\t\t<div class=\"wpb_wrapper\">\n\t\t\t<p style=\"text-align: center;\">Locking the entire user screen during the installation process. The SF-Lockscreen function is available for locking (this also works under the system account).<\/p>\n\n\t\t<\/div>\n\t<\/div>\n<\/div><\/div><\/div><\/div><div class=\"vc_row wpb_row vc_row-fluid vc_custom_1667486838883\"><div class=\"wpb_column vc_column_container vc_col-sm-12\"><div class=\"vc_column-inner\"><div class=\"wpb_wrapper\"><div class=\"vc_separator wpb_content_element vc_separator_align_center vc_sep_width_100 vc_sep_border_width_2 vc_sep_pos_align_center vc_separator_no_text wpb_content_element  wpb_content_element\" ><span class=\"vc_sep_holder vc_sep_holder_l\"><span style=\"border-color:#0753a7;\" class=\"vc_sep_line\"><\/span><\/span><span class=\"vc_sep_holder vc_sep_holder_r\"><span style=\"border-color:#0753a7;\" class=\"vc_sep_line\"><\/span><\/span>\n<\/div>\n\t<div  class=\"wpb_single_image wpb_content_element vc_align_center  vc_custom_1667487329032\">\n\t\t\n\t\t<figure class=\"wpb_wrapper vc_figure\">\n\t\t\t<div class=\"vc_single_image-wrapper vc_box_shadow_3d  vc_box_border_grey\"><img loading=\"lazy\" decoding=\"async\" width=\"416\" height=\"163\" src=\"https:\/\/www.wincm.ch\/wp-content\/uploads\/2022\/11\/SF-ProgressInstallation_German.jpg\" class=\"vc_single_image-img attachment-full\" alt=\"\" title=\"SF-ProgressInstallation_German\" srcset=\"https:\/\/www.wincm.ch\/wp-content\/uploads\/2022\/11\/SF-ProgressInstallation_German.jpg 416w, https:\/\/www.wincm.ch\/wp-content\/uploads\/2022\/11\/SF-ProgressInstallation_German-300x118.jpg 300w\" sizes=\"(max-width: 416px) 100vw, 416px\"  data-dt-location=\"https:\/\/www.wincm.ch\/en\/scriptingframework\/screenshots\/sf-progressinstallation_german\/\" \/><\/div>\n\t\t<\/figure>\n\t<\/div>\n\n\t<div class=\"wpb_text_column wpb_content_element\" >\n\t\t<div class=\"wpb_wrapper\">\n\t\t\t<p style=\"text-align: center;\">Display during the installation of the package, provided this is carried out manually via Install.exe.<\/p>\n\n\t\t<\/div>\n\t<\/div>\n<\/div><\/div><\/div><\/div><div class=\"vc_row wpb_row vc_row-fluid vc_custom_1667486838883\"><div class=\"wpb_column vc_column_container vc_col-sm-12\"><div class=\"vc_column-inner\"><div class=\"wpb_wrapper\"><div class=\"vc_separator wpb_content_element vc_separator_align_center vc_sep_width_100 vc_sep_border_width_2 vc_sep_pos_align_center vc_separator_no_text wpb_content_element  wpb_content_element\" ><span class=\"vc_sep_holder vc_sep_holder_l\"><span style=\"border-color:#0753a7;\" class=\"vc_sep_line\"><\/span><\/span><span class=\"vc_sep_holder vc_sep_holder_r\"><span style=\"border-color:#0753a7;\" class=\"vc_sep_line\"><\/span><\/span>\n<\/div>\n\t<div  class=\"wpb_single_image wpb_content_element vc_align_center  vc_custom_1667487358136\">\n\t\t\n\t\t<figure class=\"wpb_wrapper vc_figure\">\n\t\t\t<div class=\"vc_single_image-wrapper vc_box_shadow_3d  vc_box_border_grey\"><img loading=\"lazy\" decoding=\"async\" width=\"416\" height=\"163\" src=\"https:\/\/www.wincm.ch\/wp-content\/uploads\/2022\/11\/SF-ProgressUninstallation_German.jpg\" class=\"vc_single_image-img attachment-full\" alt=\"\" title=\"SF-ProgressUninstallation_German\" srcset=\"https:\/\/www.wincm.ch\/wp-content\/uploads\/2022\/11\/SF-ProgressUninstallation_German.jpg 416w, https:\/\/www.wincm.ch\/wp-content\/uploads\/2022\/11\/SF-ProgressUninstallation_German-300x118.jpg 300w\" sizes=\"(max-width: 416px) 100vw, 416px\"  data-dt-location=\"https:\/\/www.wincm.ch\/en\/scriptingframework\/screenshots\/sf-progressuninstallation_german\/\" \/><\/div>\n\t\t<\/figure>\n\t<\/div>\n\n\t<div class=\"wpb_text_column wpb_content_element\" >\n\t\t<div class=\"wpb_wrapper\">\n\t\t\t<p style=\"text-align: center;\">Displayed during the uninstallation of the package, provided this is done manually via Uninstall.exe.<\/p>\n\n\t\t<\/div>\n\t<\/div>\n<\/div><\/div><\/div><\/div><div class=\"vc_row wpb_row vc_row-fluid vc_custom_1667486838883\"><div class=\"wpb_column vc_column_container vc_col-sm-12\"><div class=\"vc_column-inner\"><div class=\"wpb_wrapper\"><div class=\"vc_separator wpb_content_element vc_separator_align_center vc_sep_width_100 vc_sep_border_width_2 vc_sep_pos_align_center vc_separator_no_text wpb_content_element  wpb_content_element\" ><span class=\"vc_sep_holder vc_sep_holder_l\"><span style=\"border-color:#0753a7;\" class=\"vc_sep_line\"><\/span><\/span><span class=\"vc_sep_holder vc_sep_holder_r\"><span style=\"border-color:#0753a7;\" class=\"vc_sep_line\"><\/span><\/span>\n<\/div>\n\t<div  class=\"wpb_single_image wpb_content_element vc_align_center  vc_custom_1667487397596\">\n\t\t\n\t\t<figure class=\"wpb_wrapper vc_figure\">\n\t\t\t<div class=\"vc_single_image-wrapper vc_box_shadow_3d  vc_box_border_grey\"><img loading=\"lazy\" decoding=\"async\" width=\"355\" height=\"128\" src=\"https:\/\/www.wincm.ch\/wp-content\/uploads\/2022\/11\/SF-ProgessUserSettings.jpg\" class=\"vc_single_image-img attachment-full\" alt=\"\" title=\"SF-ProgessUserSettings\" srcset=\"https:\/\/www.wincm.ch\/wp-content\/uploads\/2022\/11\/SF-ProgessUserSettings.jpg 355w, https:\/\/www.wincm.ch\/wp-content\/uploads\/2022\/11\/SF-ProgessUserSettings-300x108.jpg 300w\" sizes=\"(max-width: 355px) 100vw, 355px\"  data-dt-location=\"https:\/\/www.wincm.ch\/en\/scriptingframework\/screenshots\/sf-progessusersettings\/\" \/><\/div>\n\t\t<\/figure>\n\t<\/div>\n\n\t<div class=\"wpb_text_column wpb_content_element\" >\n\t\t<div class=\"wpb_wrapper\">\n\t\t\t<p style=\"text-align: center;\">The user settings defined in the package are immediately applied to logged in users.<\/p>\n\n\t\t<\/div>\n\t<\/div>\n<\/div><\/div><\/div><\/div><div class=\"vc_row wpb_row vc_row-fluid\"><div class=\"wpb_column vc_column_container vc_col-sm-12\"><div class=\"vc_column-inner\"><div class=\"wpb_wrapper\"><div class=\"vc_empty_space\"   style=\"height: 40px\"><span class=\"vc_empty_space_inner\"><\/span><\/div><\/div><\/div><\/div><\/div>\n<\/div>","protected":false},"excerpt":{"rendered":"<p>Editieren des Installationsskripts mit Microsoft PowerShell ISE Scripting Framework Suite Tools Der Benutzer wird informiert, dass f\u00fcr die Installation eine oder mehrere Anwendungen automatisch geschlossen werden. Diese Meldung wird auch angezeigt, wenn die Paketinstallation unter dem SYSTEM Account l\u00e4uft. Die Benachrichtigung ist zus\u00e4tzlich in der Taskbar als Ballon sichtbar. Ank\u00fcndigung einer Software Installation mit der&hellip;<\/p>","protected":false},"author":1,"featured_media":0,"parent":1483,"menu_order":10,"comment_status":"closed","ping_status":"closed","template":"","meta":{"footnotes":""},"class_list":["post-3922","page","type-page","status-publish","hentry","description-off"],"yoast_head":"<!-- This site is optimized with the Yoast SEO plugin v27.5 - https:\/\/yoast.com\/product\/yoast-seo-wordpress\/ -->\n<title>Screenshots - Windows Client Management AG - WinCM<\/title>\n<meta name=\"robots\" content=\"index, follow, max-snippet:-1, max-image-preview:large, max-video-preview:-1\" \/>\n<link rel=\"canonical\" href=\"https:\/\/www.wincm.ch\/en\/scriptingframework\/screenshots\/\" \/>\n<meta property=\"og:locale\" content=\"en_US\" \/>\n<meta property=\"og:type\" content=\"article\" \/>\n<meta property=\"og:title\" content=\"Screenshots - Windows Client Management AG - WinCM\" \/>\n<meta property=\"og:url\" content=\"https:\/\/www.wincm.ch\/en\/scriptingframework\/screenshots\/\" \/>\n<meta property=\"og:site_name\" content=\"Windows Client Management AG - WinCM\" \/>\n<meta property=\"article:modified_time\" content=\"2026-03-22T09:48:07+00:00\" \/>\n<meta name=\"twitter:card\" content=\"summary_large_image\" \/>\n<meta name=\"twitter:label1\" content=\"Est. reading time\" \/>\n\t<meta name=\"twitter:data1\" content=\"2 minutes\" \/>\n<script type=\"application\/ld+json\" class=\"yoast-schema-graph\">{\"@context\":\"https:\\\/\\\/schema.org\",\"@graph\":[{\"@type\":\"WebPage\",\"@id\":\"https:\\\/\\\/www.wincm.ch\\\/scriptingframework\\\/screenshots\\\/\",\"url\":\"https:\\\/\\\/www.wincm.ch\\\/scriptingframework\\\/screenshots\\\/\",\"name\":\"Screenshots - Windows Client Management AG - WinCM\",\"isPartOf\":{\"@id\":\"https:\\\/\\\/www.wincm.ch\\\/en\\\/#website\"},\"datePublished\":\"2022-11-03T12:49:54+00:00\",\"dateModified\":\"2026-03-22T09:48:07+00:00\",\"breadcrumb\":{\"@id\":\"https:\\\/\\\/www.wincm.ch\\\/scriptingframework\\\/screenshots\\\/#breadcrumb\"},\"inLanguage\":\"en-US\",\"potentialAction\":[{\"@type\":\"ReadAction\",\"target\":[\"https:\\\/\\\/www.wincm.ch\\\/scriptingframework\\\/screenshots\\\/\"]}]},{\"@type\":\"BreadcrumbList\",\"@id\":\"https:\\\/\\\/www.wincm.ch\\\/scriptingframework\\\/screenshots\\\/#breadcrumb\",\"itemListElement\":[{\"@type\":\"ListItem\",\"position\":1,\"name\":\"Startseite\",\"item\":\"https:\\\/\\\/www.wincm.ch\\\/\"},{\"@type\":\"ListItem\",\"position\":2,\"name\":\"Scripting Framework\",\"item\":\"https:\\\/\\\/www.wincm.ch\\\/scriptingframework\\\/\"},{\"@type\":\"ListItem\",\"position\":3,\"name\":\"Screenshots\"}]},{\"@type\":\"WebSite\",\"@id\":\"https:\\\/\\\/www.wincm.ch\\\/en\\\/#website\",\"url\":\"https:\\\/\\\/www.wincm.ch\\\/en\\\/\",\"name\":\"Windows Client Management AG - WinCM\",\"description\":\"Software Deployment Solutions\",\"publisher\":{\"@id\":\"https:\\\/\\\/www.wincm.ch\\\/en\\\/#organization\"},\"potentialAction\":[{\"@type\":\"SearchAction\",\"target\":{\"@type\":\"EntryPoint\",\"urlTemplate\":\"https:\\\/\\\/www.wincm.ch\\\/en\\\/?s={search_term_string}\"},\"query-input\":{\"@type\":\"PropertyValueSpecification\",\"valueRequired\":true,\"valueName\":\"search_term_string\"}}],\"inLanguage\":\"en-US\"},{\"@type\":\"Organization\",\"@id\":\"https:\\\/\\\/www.wincm.ch\\\/en\\\/#organization\",\"name\":\"Windows Client Management AG\",\"url\":\"https:\\\/\\\/www.wincm.ch\\\/en\\\/\",\"logo\":{\"@type\":\"ImageObject\",\"inLanguage\":\"en-US\",\"@id\":\"https:\\\/\\\/www.wincm.ch\\\/en\\\/#\\\/schema\\\/logo\\\/image\\\/\",\"url\":\"https:\\\/\\\/www.wincm.ch\\\/wp-content\\\/uploads\\\/2022\\\/10\\\/wincm_logo_small.png\",\"contentUrl\":\"https:\\\/\\\/www.wincm.ch\\\/wp-content\\\/uploads\\\/2022\\\/10\\\/wincm_logo_small.png\",\"width\":211,\"height\":50,\"caption\":\"Windows Client Management AG\"},\"image\":{\"@id\":\"https:\\\/\\\/www.wincm.ch\\\/en\\\/#\\\/schema\\\/logo\\\/image\\\/\"}}]}<\/script>\n<!-- \/ Yoast SEO plugin. -->","yoast_head_json":{"title":"Screenshots - Windows Client Management AG - WinCM","robots":{"index":"index","follow":"follow","max-snippet":"max-snippet:-1","max-image-preview":"max-image-preview:large","max-video-preview":"max-video-preview:-1"},"canonical":"https:\/\/www.wincm.ch\/en\/scriptingframework\/screenshots\/","og_locale":"en_US","og_type":"article","og_title":"Screenshots - Windows Client Management AG - WinCM","og_url":"https:\/\/www.wincm.ch\/en\/scriptingframework\/screenshots\/","og_site_name":"Windows Client Management AG - WinCM","article_modified_time":"2026-03-22T09:48:07+00:00","twitter_card":"summary_large_image","twitter_misc":{"Est. reading time":"2 minutes"},"schema":{"@context":"https:\/\/schema.org","@graph":[{"@type":"WebPage","@id":"https:\/\/www.wincm.ch\/scriptingframework\/screenshots\/","url":"https:\/\/www.wincm.ch\/scriptingframework\/screenshots\/","name":"Screenshots - Windows Client Management AG - WinCM","isPartOf":{"@id":"https:\/\/www.wincm.ch\/en\/#website"},"datePublished":"2022-11-03T12:49:54+00:00","dateModified":"2026-03-22T09:48:07+00:00","breadcrumb":{"@id":"https:\/\/www.wincm.ch\/scriptingframework\/screenshots\/#breadcrumb"},"inLanguage":"en-US","potentialAction":[{"@type":"ReadAction","target":["https:\/\/www.wincm.ch\/scriptingframework\/screenshots\/"]}]},{"@type":"BreadcrumbList","@id":"https:\/\/www.wincm.ch\/scriptingframework\/screenshots\/#breadcrumb","itemListElement":[{"@type":"ListItem","position":1,"name":"Startseite","item":"https:\/\/www.wincm.ch\/"},{"@type":"ListItem","position":2,"name":"Scripting Framework","item":"https:\/\/www.wincm.ch\/scriptingframework\/"},{"@type":"ListItem","position":3,"name":"Screenshots"}]},{"@type":"WebSite","@id":"https:\/\/www.wincm.ch\/en\/#website","url":"https:\/\/www.wincm.ch\/en\/","name":"Windows Client Management AG - WinCM","description":"Software Deployment Solutions","publisher":{"@id":"https:\/\/www.wincm.ch\/en\/#organization"},"potentialAction":[{"@type":"SearchAction","target":{"@type":"EntryPoint","urlTemplate":"https:\/\/www.wincm.ch\/en\/?s={search_term_string}"},"query-input":{"@type":"PropertyValueSpecification","valueRequired":true,"valueName":"search_term_string"}}],"inLanguage":"en-US"},{"@type":"Organization","@id":"https:\/\/www.wincm.ch\/en\/#organization","name":"Windows Client Management AG","url":"https:\/\/www.wincm.ch\/en\/","logo":{"@type":"ImageObject","inLanguage":"en-US","@id":"https:\/\/www.wincm.ch\/en\/#\/schema\/logo\/image\/","url":"https:\/\/www.wincm.ch\/wp-content\/uploads\/2022\/10\/wincm_logo_small.png","contentUrl":"https:\/\/www.wincm.ch\/wp-content\/uploads\/2022\/10\/wincm_logo_small.png","width":211,"height":50,"caption":"Windows Client Management AG"},"image":{"@id":"https:\/\/www.wincm.ch\/en\/#\/schema\/logo\/image\/"}}]}},"_links":{"self":[{"href":"https:\/\/www.wincm.ch\/en\/wp-json\/wp\/v2\/pages\/3922","targetHints":{"allow":["GET"]}}],"collection":[{"href":"https:\/\/www.wincm.ch\/en\/wp-json\/wp\/v2\/pages"}],"about":[{"href":"https:\/\/www.wincm.ch\/en\/wp-json\/wp\/v2\/types\/page"}],"author":[{"embeddable":true,"href":"https:\/\/www.wincm.ch\/en\/wp-json\/wp\/v2\/users\/1"}],"replies":[{"embeddable":true,"href":"https:\/\/www.wincm.ch\/en\/wp-json\/wp\/v2\/comments?post=3922"}],"version-history":[{"count":1,"href":"https:\/\/www.wincm.ch\/en\/wp-json\/wp\/v2\/pages\/3922\/revisions"}],"predecessor-version":[{"id":4879,"href":"https:\/\/www.wincm.ch\/en\/wp-json\/wp\/v2\/pages\/3922\/revisions\/4879"}],"up":[{"embeddable":true,"href":"https:\/\/www.wincm.ch\/en\/wp-json\/wp\/v2\/pages\/1483"}],"wp:attachment":[{"href":"https:\/\/www.wincm.ch\/en\/wp-json\/wp\/v2\/media?parent=3922"}],"curies":[{"name":"wp","href":"https:\/\/api.w.org\/{rel}","templated":true}]}}