{"id":4012,"date":"2022-11-04T10:18:46","date_gmt":"2022-11-04T10:18:46","guid":{"rendered":"https:\/\/new.wincm.ch\/?page_id=4012"},"modified":"2024-09-19T11:48:35","modified_gmt":"2024-09-19T11:48:35","slug":"imprint","status":"publish","type":"page","link":"https:\/\/www.wincm.ch\/en\/imprint\/","title":{"rendered":"Imprint"},"content":{"rendered":"<div class=\"wpb-content-wrapper\"><div class=\"vc_row wpb_row vc_row-fluid vc_custom_1667557107855\"><div class=\"wpb_column vc_column_container vc_col-sm-6\"><div class=\"vc_column-inner\"><div class=\"wpb_wrapper\"><h2 style=\"color: #0753a7;text-align: left\" class=\"vc_custom_heading vc_do_custom_heading\" >Contact address<\/h2>\n\t<div class=\"wpb_text_column wpb_content_element  vc_custom_1726714491385\" >\n\t\t<div class=\"wpb_wrapper\">\n\t\t\t<p>Windows Client Management AG<br \/>\nIndustriestrasse 6<br \/>\nCH-9220 Bischofszell<br \/>\nTel.: +41 71 420 90 40<\/p>\n\n\t\t<\/div>\n\t<\/div>\n<h2 style=\"color: #0753a7;text-align: left\" class=\"vc_custom_heading vc_do_custom_heading vc_custom_1726714013677\" >Commercial register entry<\/h2>\n\t<div class=\"wpb_text_column wpb_content_element  vc_custom_1726714419008\" >\n\t\t<div class=\"wpb_wrapper\">\n\t\t\t<p>Nummer: CHE-192.162.119<br \/>\nCommercial Register Office: Frauenfeld TG<br \/>\n<a href=\"https:\/\/tg.chregister.ch\/cr-portal\/auszug\/auszug.xhtml?uid=CHE-192.162.119\" target=\"_blank\" rel=\"noopener\">Entry in the commercial register<\/a><\/p>\n\n\t\t<\/div>\n\t<\/div>\n<h2 style=\"color: #0753a7;text-align: left\" class=\"vc_custom_heading vc_do_custom_heading vc_custom_1726714023160\" >VAT number<\/h2>\n\t<div class=\"wpb_text_column wpb_content_element  vc_custom_1548528338003\" >\n\t\t<div class=\"wpb_wrapper\">\n\t\t\t<p>CHE-192.162.119<\/p>\n\n\t\t<\/div>\n\t<\/div>\n<\/div><\/div><\/div><div class=\"wpb_column vc_column_container vc_col-sm-6\"><div class=\"vc_column-inner\"><div class=\"wpb_wrapper\"><h2 style=\"color: #0753a7;text-align: left\" class=\"vc_custom_heading vc_do_custom_heading\" >Sales and information<\/h2>\n\t<div class=\"wpb_text_column wpb_content_element  vc_custom_1726713907198\" >\n\t\t<div class=\"wpb_wrapper\">\n\t\t\t<p>Stefan Soller<br \/>\nTelefon: +41 78 815 35 63<\/p>\n\n\t\t<\/div>\n\t<\/div>\n<h2 style=\"color: #0753a7;text-align: left\" class=\"vc_custom_heading vc_do_custom_heading vc_custom_1726714028386\" >Authorized representatives<\/h2>\n\t<div class=\"wpb_text_column wpb_content_element  vc_custom_1726713967914\" >\n\t\t<div class=\"wpb_wrapper\">\n\t\t\t<p>Stefan Soller, Pr\u00e4sident, Einzelunterschrift<\/p>\n\n\t\t<\/div>\n\t<\/div>\n<\/div><\/div><\/div><\/div><div class=\"vc_row wpb_row vc_row-fluid vc_custom_1726714146355\"><div class=\"wpb_column vc_column_container vc_col-sm-12\"><div class=\"vc_column-inner\"><div class=\"wpb_wrapper\"><h2 style=\"color: #0753a7;text-align: left\" class=\"vc_custom_heading vc_do_custom_heading\" >Disclaimer<\/h2>\n\t<div class=\"wpb_text_column wpb_content_element  vc_custom_1560410375029\" >\n\t\t<div class=\"wpb_wrapper\">\n\t\t\t<p>The author assumes no liability whatsoever for the correctness, accuracy, timeliness, reliability and completeness of the information provided.<\/p>\n<p>Liability claims against the author for material or immaterial damages resulting from access to, use of or non-use of the published information, misuse of the connection or technical malfunctions are excluded.<\/p>\n<p>All offers are non-binding. The author reserves the express right to change, add to or delete parts of the pages or the entire offer without prior notice, or to temporarily or permanently stop publication.<\/p>\n\n\t\t<\/div>\n\t<\/div>\n<\/div><\/div><\/div><\/div><div class=\"vc_row wpb_row vc_row-fluid vc_custom_1726714154105\"><div class=\"wpb_column vc_column_container vc_col-sm-12\"><div class=\"vc_column-inner\"><div class=\"wpb_wrapper\"><h2 style=\"color: #0753a7;text-align: left\" class=\"vc_custom_heading vc_do_custom_heading\" >Liability for links<\/h2>\n\t<div class=\"wpb_text_column wpb_content_element  vc_custom_1560410387345\" >\n\t\t<div class=\"wpb_wrapper\">\n\t\t\t<p>References and links to third-party websites are outside our area of \u200b\u200bresponsibility. We reject any responsibility for such websites. Access to and use of such websites is at the user's own risk.<\/p>\n\n\t\t<\/div>\n\t<\/div>\n<\/div><\/div><\/div><\/div><div class=\"vc_row wpb_row vc_row-fluid vc_custom_1726714171191\"><div class=\"wpb_column vc_column_container vc_col-sm-12\"><div class=\"vc_column-inner\"><div class=\"wpb_wrapper\"><h2 style=\"color: #0753a7;text-align: left\" class=\"vc_custom_heading vc_do_custom_heading\" >Copyrights<\/h2>\n\t<div class=\"wpb_text_column wpb_content_element  vc_custom_1726742401041\" >\n\t\t<div class=\"wpb_wrapper\">\n\t\t\t<p>The copyright and all other rights to content, images, photos or other files on the website belong exclusively to Windows Client Management AG or the specifically named rights holders. The written consent of the copyright holders must be obtained in advance for the reproduction of any elements.<\/p>\n\n\t\t<\/div>\n\t<\/div>\n<\/div><\/div><\/div><\/div><div class=\"vc_row wpb_row vc_row-fluid vc_custom_1726714178093\"><div class=\"wpb_column vc_column_container vc_col-sm-12\"><div class=\"vc_column-inner\"><div class=\"wpb_wrapper\"><h2 style=\"color: #0753a7;text-align: left\" class=\"vc_custom_heading vc_do_custom_heading\" >Data protection<\/h2>\n\t<div class=\"wpb_text_column wpb_content_element  vc_custom_1560410439560\" >\n\t\t<div class=\"wpb_wrapper\">\n\t\t\t<p>Based on Article 13 of the Swiss Federal Constitution and the federal data protection regulations (Data Protection Act, DSG), every person has the right to protection of their privacy and protection against misuse of their personal data. We comply with these regulations. Personal data is treated as strictly confidential and is neither sold nor passed on to third parties.<\/p>\n<p>In close cooperation with our hosting providers, we endeavour to protect the databases as best as possible from unauthorized access, loss, misuse or falsification.<\/p>\n<p>When you access our websites, the following data is stored in log files: IP address, date, time, browser request and general information transmitted about the operating system or browser. This usage data forms the basis for statistical, anonymous evaluations so that trends can be identified that we can use to improve our offerings accordingly.<\/p>\n\n\t\t<\/div>\n\t<\/div>\n<\/div><\/div><\/div><\/div><div class=\"vc_row wpb_row vc_row-fluid vc_custom_1726714183278\"><div class=\"wpb_column vc_column_container vc_col-sm-12\"><div class=\"vc_column-inner\"><div class=\"wpb_wrapper\"><h2 style=\"color: #0753a7;text-align: left\" class=\"vc_custom_heading vc_do_custom_heading\" >Privacy policy for the use of Google Adsense<\/h2>\n\t<div class=\"wpb_text_column wpb_content_element  vc_custom_1560410455432\" >\n\t\t<div class=\"wpb_wrapper\">\n\t\t\t<p>This website uses Google AdSense, a service for integrating advertisements from Google Inc. (\"Google\"). Google AdSense uses so-called \"cookies\", text files that are stored on your computer and that enable an analysis of the use of the website. Google AdSense also uses so-called web beacons (invisible graphics). These web beacons can be used to evaluate information such as visitor traffic on these pages.<\/p>\n<p>The information generated by cookies and web beacons about the use of this website (including your IP address) and the delivery of advertising formats is transmitted to a Google server in the USA and stored there. Google may pass this information on to Google's contractual partners. However, Google will not combine your IP address with other data stored about you.<\/p>\n<p>You can prevent the installation of cookies by setting your browser software accordingly; however, we would like to point out that in this case you may not be able to use all functions of this website to their full extent. By using this website, you agree to the processing of the data collected about you by Google in the manner and for the purposes set out above.<\/p>\n\n\t\t<\/div>\n\t<\/div>\n<\/div><\/div><\/div><\/div><div class=\"vc_row wpb_row vc_row-fluid vc_custom_1726714246689\"><div class=\"wpb_column vc_column_container vc_col-sm-12\"><div class=\"vc_column-inner\"><div class=\"wpb_wrapper\"><h2 style=\"color: #0753a7;text-align: left\" class=\"vc_custom_heading vc_do_custom_heading\" >Privacy policy for the use of Google Analytics<\/h2>\n\t<div class=\"wpb_text_column wpb_content_element  vc_custom_1560410482264\" >\n\t\t<div class=\"wpb_wrapper\">\n\t\t\t<p>This website uses Google Analytics, a web analysis service provided by Google Inc. (\"Google\"). Google Analytics uses so-called \"cookies\", text files that are stored on your computer and that enable an analysis of your use of the website. The information generated by the cookie about your use of this website is usually transferred to a Google server in the USA and stored there. However, if IP anonymization is activated on this website, your IP address will be shortened beforehand by Google within member states of the European Union or in other contracting states to the Agreement on the European Economic Area.<\/p>\n<p>Only in exceptional cases will the full IP address be transmitted to a Google server in the USA and shortened there. Google will use this information to evaluate your use of the website, to compile reports on website activity for website operators and to provide other services related to website activity and internet usage. Google may also transfer this information to third parties if required to do so by law, or if third parties process the data on Google's behalf. The IP address transmitted by your browser as part of Google Analytics will not be merged with other Google data.<\/p>\n<p>You can prevent the installation of cookies by setting your browser software accordingly; however, we would like to point out that in this case you may not be able to use all functions of this website to their full extent. By using this website, you agree to the processing of the data collected about you by Google in the manner and for the purposes set out above.<\/p>\n\n\t\t<\/div>\n\t<\/div>\n<\/div><\/div><\/div><\/div>\n<\/div>","protected":false},"excerpt":{"rendered":"<p>Kontaktadresse Windows Client Management AG Industriestrasse 6 CH-9220 Bischofszell Tel.: +41 71 420 90 40 Handelsregistereintrag Nummer: CHE-192.162.119 Handelsregisteramt: Frauenfeld TG Eintrag im Handelsregister Mehrwertsteuernummer CHE-192.162.119 Verkauf und Informationen Stefan Soller Telefon: +41 78 815 35 63 Vertretungsberechtigte Personen Stefan Soller, Pr\u00e4sident, Einzelunterschrift Haftungsausschluss Der Autor \u00fcbernimmt keinerlei Gew\u00e4hr hinsichtlich der inhaltlichen Richtigkeit, Genauigkeit, Aktualit\u00e4t,&hellip;<\/p>","protected":false},"author":1,"featured_media":0,"parent":0,"menu_order":15,"comment_status":"closed","ping_status":"closed","template":"","meta":{"footnotes":""},"class_list":["post-4012","page","type-page","status-publish","hentry","description-off"],"yoast_head":"<!-- This site is optimized with the Yoast SEO plugin v27.4 - https:\/\/yoast.com\/product\/yoast-seo-wordpress\/ -->\n<title>Impressum - Windows Client Management AG - WinCM<\/title>\n<meta name=\"robots\" content=\"index, follow, max-snippet:-1, max-image-preview:large, max-video-preview:-1\" \/>\n<link rel=\"canonical\" href=\"https:\/\/www.wincm.ch\/en\/imprint\/\" \/>\n<meta property=\"og:locale\" content=\"en_US\" \/>\n<meta property=\"og:type\" content=\"article\" \/>\n<meta property=\"og:title\" content=\"Impressum - Windows Client Management AG - WinCM\" \/>\n<meta property=\"og:url\" content=\"https:\/\/www.wincm.ch\/en\/imprint\/\" \/>\n<meta property=\"og:site_name\" content=\"Windows Client Management AG - WinCM\" \/>\n<meta property=\"article:modified_time\" content=\"2024-09-19T11:48:35+00:00\" \/>\n<meta name=\"twitter:card\" content=\"summary_large_image\" \/>\n<meta name=\"twitter:label1\" content=\"Est. reading time\" \/>\n\t<meta name=\"twitter:data1\" content=\"5 minutes\" \/>\n<script type=\"application\/ld+json\" class=\"yoast-schema-graph\">{\"@context\":\"https:\\\/\\\/schema.org\",\"@graph\":[{\"@type\":\"WebPage\",\"@id\":\"https:\\\/\\\/www.wincm.ch\\\/imprint\\\/\",\"url\":\"https:\\\/\\\/www.wincm.ch\\\/imprint\\\/\",\"name\":\"Impressum - Windows Client Management AG - WinCM\",\"isPartOf\":{\"@id\":\"https:\\\/\\\/www.wincm.ch\\\/en\\\/#website\"},\"datePublished\":\"2022-11-04T10:18:46+00:00\",\"dateModified\":\"2024-09-19T11:48:35+00:00\",\"breadcrumb\":{\"@id\":\"https:\\\/\\\/www.wincm.ch\\\/imprint\\\/#breadcrumb\"},\"inLanguage\":\"en-US\",\"potentialAction\":[{\"@type\":\"ReadAction\",\"target\":[\"https:\\\/\\\/www.wincm.ch\\\/imprint\\\/\"]}]},{\"@type\":\"BreadcrumbList\",\"@id\":\"https:\\\/\\\/www.wincm.ch\\\/imprint\\\/#breadcrumb\",\"itemListElement\":[{\"@type\":\"ListItem\",\"position\":1,\"name\":\"Startseite\",\"item\":\"https:\\\/\\\/www.wincm.ch\\\/\"},{\"@type\":\"ListItem\",\"position\":2,\"name\":\"Impressum\"}]},{\"@type\":\"WebSite\",\"@id\":\"https:\\\/\\\/www.wincm.ch\\\/en\\\/#website\",\"url\":\"https:\\\/\\\/www.wincm.ch\\\/en\\\/\",\"name\":\"Windows Client Management AG - WinCM\",\"description\":\"Software Deployment Solutions\",\"publisher\":{\"@id\":\"https:\\\/\\\/www.wincm.ch\\\/en\\\/#organization\"},\"potentialAction\":[{\"@type\":\"SearchAction\",\"target\":{\"@type\":\"EntryPoint\",\"urlTemplate\":\"https:\\\/\\\/www.wincm.ch\\\/en\\\/?s={search_term_string}\"},\"query-input\":{\"@type\":\"PropertyValueSpecification\",\"valueRequired\":true,\"valueName\":\"search_term_string\"}}],\"inLanguage\":\"en-US\"},{\"@type\":\"Organization\",\"@id\":\"https:\\\/\\\/www.wincm.ch\\\/en\\\/#organization\",\"name\":\"Windows Client Management AG\",\"url\":\"https:\\\/\\\/www.wincm.ch\\\/en\\\/\",\"logo\":{\"@type\":\"ImageObject\",\"inLanguage\":\"en-US\",\"@id\":\"https:\\\/\\\/www.wincm.ch\\\/en\\\/#\\\/schema\\\/logo\\\/image\\\/\",\"url\":\"https:\\\/\\\/www.wincm.ch\\\/wp-content\\\/uploads\\\/2022\\\/10\\\/wincm_logo_small.png\",\"contentUrl\":\"https:\\\/\\\/www.wincm.ch\\\/wp-content\\\/uploads\\\/2022\\\/10\\\/wincm_logo_small.png\",\"width\":211,\"height\":50,\"caption\":\"Windows Client Management AG\"},\"image\":{\"@id\":\"https:\\\/\\\/www.wincm.ch\\\/en\\\/#\\\/schema\\\/logo\\\/image\\\/\"}}]}<\/script>\n<!-- \/ Yoast SEO plugin. -->","yoast_head_json":{"title":"Impressum - Windows Client Management AG - WinCM","robots":{"index":"index","follow":"follow","max-snippet":"max-snippet:-1","max-image-preview":"max-image-preview:large","max-video-preview":"max-video-preview:-1"},"canonical":"https:\/\/www.wincm.ch\/en\/imprint\/","og_locale":"en_US","og_type":"article","og_title":"Impressum - Windows Client Management AG - WinCM","og_url":"https:\/\/www.wincm.ch\/en\/imprint\/","og_site_name":"Windows Client Management AG - WinCM","article_modified_time":"2024-09-19T11:48:35+00:00","twitter_card":"summary_large_image","twitter_misc":{"Est. reading time":"5 minutes"},"schema":{"@context":"https:\/\/schema.org","@graph":[{"@type":"WebPage","@id":"https:\/\/www.wincm.ch\/imprint\/","url":"https:\/\/www.wincm.ch\/imprint\/","name":"Impressum - Windows Client Management AG - WinCM","isPartOf":{"@id":"https:\/\/www.wincm.ch\/en\/#website"},"datePublished":"2022-11-04T10:18:46+00:00","dateModified":"2024-09-19T11:48:35+00:00","breadcrumb":{"@id":"https:\/\/www.wincm.ch\/imprint\/#breadcrumb"},"inLanguage":"en-US","potentialAction":[{"@type":"ReadAction","target":["https:\/\/www.wincm.ch\/imprint\/"]}]},{"@type":"BreadcrumbList","@id":"https:\/\/www.wincm.ch\/imprint\/#breadcrumb","itemListElement":[{"@type":"ListItem","position":1,"name":"Startseite","item":"https:\/\/www.wincm.ch\/"},{"@type":"ListItem","position":2,"name":"Impressum"}]},{"@type":"WebSite","@id":"https:\/\/www.wincm.ch\/en\/#website","url":"https:\/\/www.wincm.ch\/en\/","name":"Windows Client Management AG - WinCM","description":"Software Deployment Solutions","publisher":{"@id":"https:\/\/www.wincm.ch\/en\/#organization"},"potentialAction":[{"@type":"SearchAction","target":{"@type":"EntryPoint","urlTemplate":"https:\/\/www.wincm.ch\/en\/?s={search_term_string}"},"query-input":{"@type":"PropertyValueSpecification","valueRequired":true,"valueName":"search_term_string"}}],"inLanguage":"en-US"},{"@type":"Organization","@id":"https:\/\/www.wincm.ch\/en\/#organization","name":"Windows Client Management AG","url":"https:\/\/www.wincm.ch\/en\/","logo":{"@type":"ImageObject","inLanguage":"en-US","@id":"https:\/\/www.wincm.ch\/en\/#\/schema\/logo\/image\/","url":"https:\/\/www.wincm.ch\/wp-content\/uploads\/2022\/10\/wincm_logo_small.png","contentUrl":"https:\/\/www.wincm.ch\/wp-content\/uploads\/2022\/10\/wincm_logo_small.png","width":211,"height":50,"caption":"Windows Client Management AG"},"image":{"@id":"https:\/\/www.wincm.ch\/en\/#\/schema\/logo\/image\/"}}]}},"_links":{"self":[{"href":"https:\/\/www.wincm.ch\/en\/wp-json\/wp\/v2\/pages\/4012","targetHints":{"allow":["GET"]}}],"collection":[{"href":"https:\/\/www.wincm.ch\/en\/wp-json\/wp\/v2\/pages"}],"about":[{"href":"https:\/\/www.wincm.ch\/en\/wp-json\/wp\/v2\/types\/page"}],"author":[{"embeddable":true,"href":"https:\/\/www.wincm.ch\/en\/wp-json\/wp\/v2\/users\/1"}],"replies":[{"embeddable":true,"href":"https:\/\/www.wincm.ch\/en\/wp-json\/wp\/v2\/comments?post=4012"}],"version-history":[{"count":0,"href":"https:\/\/www.wincm.ch\/en\/wp-json\/wp\/v2\/pages\/4012\/revisions"}],"wp:attachment":[{"href":"https:\/\/www.wincm.ch\/en\/wp-json\/wp\/v2\/media?parent=4012"}],"curies":[{"name":"wp","href":"https:\/\/api.w.org\/{rel}","templated":true}]}}